{"id":6217,"date":"2023-05-04T23:59:30","date_gmt":"2023-05-04T23:59:30","guid":{"rendered":"https:\/\/colabinternational.co.uk\/?page_id=6217"},"modified":"2024-01-17T18:41:47","modified_gmt":"2024-01-17T18:41:47","slug":"appreciative-inquiry","status":"publish","type":"page","link":"https:\/\/colabinternational.co.uk\/es\/appreciative-inquiry","title":{"rendered":"Indagaci\u00f3n Apreciativa"},"content":{"rendered":"<div data-elementor-type=\"wp-page\" data-elementor-id=\"6217\" class=\"elementor elementor-6217\" data-elementor-post-type=\"page\">\n\t\t\t\t\t\t<section class=\"elementor-section elementor-top-section elementor-element elementor-element-f42acd5 elementor-section-boxed elementor-section-height-default elementor-section-height-default\" data-id=\"f42acd5\" data-element_type=\"section\">\n\t\t\t\t\t\t<div class=\"elementor-container elementor-column-gap-default\">\n\t\t\t\t\t<div class=\"elementor-column elementor-col-100 elementor-top-column elementor-element elementor-element-0cedcb6\" data-id=\"0cedcb6\" data-element_type=\"column\">\n\t\t\t<div class=\"elementor-widget-wrap elementor-element-populated\">\n\t\t\t\t\t\t<div class=\"elementor-element elementor-element-2e0282b elementor-widget elementor-widget-heading\" data-id=\"2e0282b\" data-element_type=\"widget\" data-widget_type=\"heading.default\">\n\t\t\t\t<div class=\"elementor-widget-container\">\n\t\t\t<h3 class=\"elementor-heading-title elementor-size-xxl\">Indagaci\u00f3n Apreciativa<\/h3>\t\t<\/div>\n\t\t\t\t<\/div>\n\t\t\t\t<div class=\"elementor-element elementor-element-debf113 elementor-widget elementor-widget-text-editor\" data-id=\"debf113\" data-element_type=\"widget\" data-widget_type=\"text-editor.default\">\n\t\t\t\t<div class=\"elementor-widget-container\">\n\t\t\t\t\t\t\t<p><strong>La Indagaci\u00f3n Apreciativa se ha definido como:<\/strong><\/p>\t\t\t\t\t\t<\/div>\n\t\t\t\t<\/div>\n\t\t\t\t<section class=\"elementor-section elementor-inner-section elementor-element elementor-element-019dbba elementor-section-boxed elementor-section-height-default elementor-section-height-default\" data-id=\"019dbba\" data-element_type=\"section\">\n\t\t\t\t\t\t<div class=\"elementor-container elementor-column-gap-default\">\n\t\t\t\t\t<div class=\"elementor-column elementor-col-50 elementor-inner-column elementor-element elementor-element-a00ef5a\" data-id=\"a00ef5a\" data-element_type=\"column\">\n\t\t\t<div class=\"elementor-widget-wrap elementor-element-populated\">\n\t\t\t\t\t\t<div class=\"elementor-element elementor-element-c7e02e3 elementor-widget elementor-widget-image\" data-id=\"c7e02e3\" data-element_type=\"widget\" data-widget_type=\"image.default\">\n\t\t\t\t<div class=\"elementor-widget-container\">\n\t\t\t\t\t\t\t\t\t\t\t\t\t<img fetchpriority=\"high\" decoding=\"async\" width=\"1024\" height=\"684\" src=\"https:\/\/colabinternational.co.uk\/wp-content\/uploads\/2023\/03\/FIM_8969-1024x684.png\" class=\"attachment-large size-large wp-image-5231\" alt=\"\" srcset=\"https:\/\/colabinternational.co.uk\/wp-content\/uploads\/2023\/03\/FIM_8969-1024x684.png 1024w, https:\/\/colabinternational.co.uk\/wp-content\/uploads\/2023\/03\/FIM_8969-768x513.png 768w\" sizes=\"(max-width: 1024px) 100vw, 1024px\" \/>\t\t\t\t\t\t\t\t\t\t\t\t\t<\/div>\n\t\t\t\t<\/div>\n\t\t\t\t<div class=\"elementor-element elementor-element-4327ee5 elementor-widget elementor-widget-spacer\" data-id=\"4327ee5\" data-element_type=\"widget\" data-widget_type=\"spacer.default\">\n\t\t\t\t<div class=\"elementor-widget-container\">\n\t\t\t\t\t<div class=\"elementor-spacer\">\n\t\t\t<div class=\"elementor-spacer-inner\"><\/div>\n\t\t<\/div>\n\t\t\t\t<\/div>\n\t\t\t\t<\/div>\n\t\t\t\t\t<\/div>\n\t\t<\/div>\n\t\t\t\t<div class=\"elementor-column elementor-col-50 elementor-inner-column elementor-element elementor-element-0c2d695\" data-id=\"0c2d695\" data-element_type=\"column\">\n\t\t\t<div class=\"elementor-widget-wrap elementor-element-populated\">\n\t\t\t\t\t\t<div class=\"elementor-element elementor-element-082d49b elementor-widget elementor-widget-text-editor\" data-id=\"082d49b\" data-element_type=\"widget\" data-widget_type=\"text-editor.default\">\n\t\t\t\t<div class=\"elementor-widget-container\">\n\t\t\t\t\t\t\t<p><span style=\"font-weight: 400;\">La Indagaci\u00f3n Apreciativa es una estrategia para crear el cambio que identifica lo mejor de \"lo que es\" para perseguir los sue\u00f1os y las posibilidades de \"lo que podr\u00eda ser\". Es una b\u00fasqueda cooperativa de los puntos fuertes, las pasiones y las fuerzas vivificantes que se encuentran dentro de cada sistema y que encierran el potencial para un cambio inspirado y positivo (Cooperrider y Srivastva, 1987). <\/span><\/p>\t\t\t\t\t\t<\/div>\n\t\t\t\t<\/div>\n\t\t\t\t\t<\/div>\n\t\t<\/div>\n\t\t\t\t\t<\/div>\n\t\t<\/section>\n\t\t\t\t\t<\/div>\n\t\t<\/div>\n\t\t\t\t\t<\/div>\n\t\t<\/section>\n\t\t\t\t<section class=\"elementor-section elementor-top-section elementor-element elementor-element-217d587 elementor-section-boxed elementor-section-height-default elementor-section-height-default\" data-id=\"217d587\" data-element_type=\"section\">\n\t\t\t\t\t\t<div class=\"elementor-container elementor-column-gap-default\">\n\t\t\t\t\t<div class=\"elementor-column elementor-col-100 elementor-top-column elementor-element elementor-element-99c780a\" data-id=\"99c780a\" data-element_type=\"column\">\n\t\t\t<div class=\"elementor-widget-wrap elementor-element-populated\">\n\t\t\t\t\t\t<div class=\"elementor-element elementor-element-3fe4d17 elementor-widget-divider--view-line elementor-widget elementor-widget-divider\" data-id=\"3fe4d17\" data-element_type=\"widget\" data-widget_type=\"divider.default\">\n\t\t\t\t<div class=\"elementor-widget-container\">\n\t\t\t\t\t<div class=\"elementor-divider\">\n\t\t\t<span class=\"elementor-divider-separator\">\n\t\t\t\t\t\t<\/span>\n\t\t<\/div>\n\t\t\t\t<\/div>\n\t\t\t\t<\/div>\n\t\t\t\t<div class=\"elementor-element elementor-element-752f2d1 elementor-widget elementor-widget-heading\" data-id=\"752f2d1\" data-element_type=\"widget\" data-widget_type=\"heading.default\">\n\t\t\t\t<div class=\"elementor-widget-container\">\n\t\t\t<h2 class=\"elementor-heading-title elementor-size-xxl\">\u00bfPara qu\u00e9 sirve la Indagaci\u00f3n Apreciativa?\n<\/h2>\t\t<\/div>\n\t\t\t\t<\/div>\n\t\t\t\t<section class=\"elementor-section elementor-inner-section elementor-element elementor-element-f78917c elementor-section-boxed elementor-section-height-default elementor-section-height-default\" data-id=\"f78917c\" data-element_type=\"section\">\n\t\t\t\t\t\t<div class=\"elementor-container elementor-column-gap-default\">\n\t\t\t\t\t<div class=\"elementor-column elementor-col-50 elementor-inner-column elementor-element elementor-element-e405d4c\" data-id=\"e405d4c\" data-element_type=\"column\">\n\t\t\t<div class=\"elementor-widget-wrap elementor-element-populated\">\n\t\t\t\t\t\t<div class=\"elementor-element elementor-element-8513812 elementor-widget elementor-widget-text-editor\" data-id=\"8513812\" data-element_type=\"widget\" data-widget_type=\"text-editor.default\">\n\t\t\t\t<div class=\"elementor-widget-container\">\n\t\t\t\t\t\t\t<p><span style=\"font-weight: 400;\">La Indagaci\u00f3n Apreciativa es \u00fatil cuando se necesita una perspectiva diferente, o cuando deseamos <\/span><span style=\"font-weight: 400;\">iniciar un nuevo proceso desde un punto de vista fresco y positivo. Puede ayudar a un grupo <\/span><span style=\"font-weight: 400;\">atascado en \"lo que es\" a avanzar hacia \"lo que podr\u00eda ser\". La Indagaci\u00f3n Apreciativa puede utilizarse con <\/span><span style=\"font-weight: 400;\">individuos, socios, peque\u00f1os grupos o grandes organizaciones.<\/span><\/p><p><em><span style=\"font-weight: 400;\">Supuestos:<\/span><\/em><\/p><ul><li><span style=\"font-weight: 400;\"> En todas las comunidades hay algo que funciona.<\/span><\/li><li><span style=\"font-weight: 400;\"> Aquello en lo que nos centramos se convierte en nuestra realidad.<\/span><\/li><li><span style=\"font-weight: 400;\"> La realidad se crea en el momento: hay m\u00e1s de una realidad.<\/span><\/li><li><span style=\"font-weight: 400;\"> El acto de hacer preguntas influye de alguna manera en la comunidad.<\/span><\/li><li><span style=\"font-weight: 400;\"> La gente tiene m\u00e1s confianza y comodidad para viajar hacia el futuro cuando lleva adelante partes del pasado.<\/span><\/li><li><span style=\"font-weight: 400;\"> Si llevamos adelante partes del pasado, deben ser las mejores.<\/span><\/li><li><span style=\"font-weight: 400;\"> Es importante valorar la diferencia.<\/span><\/li><li><span style=\"font-weight: 400;\"> El lenguaje que utilizamos crea nuestra realidad.<\/span><\/li><\/ul><p><span style=\"font-weight: 400;\"><i>Indagaci\u00f3n Apreciativa: trabajar con lo que es posible.<\/i><\/span><\/p><ul><li style=\"font-weight: 400;\" aria-level=\"1\"><span style=\"font-weight: 400;\">Apreciar y valorar lo mejor de \"lo que es\".<\/span><\/li><li style=\"font-weight: 400;\" aria-level=\"1\"><span style=\"font-weight: 400;\">Imaginar \"lo que podr\u00eda ser\".<\/span><\/li><li style=\"font-weight: 400;\" aria-level=\"1\"><span style=\"font-weight: 400;\">Dialogar sobre \"lo que podr\u00eda ser\" y crear \"lo que ser\u00e1\".<\/span><\/li><li style=\"font-weight: 400;\" aria-level=\"1\"><span style=\"font-weight: 400;\">Asunci\u00f3n b\u00e1sica: una organizaci\u00f3n es un misterio que hay que abrazar.<\/span><\/li><\/ul>\t\t\t\t\t\t<\/div>\n\t\t\t\t<\/div>\n\t\t\t\t\t<\/div>\n\t\t<\/div>\n\t\t\t\t<div class=\"elementor-column elementor-col-50 elementor-inner-column elementor-element elementor-element-c740234\" data-id=\"c740234\" data-element_type=\"column\">\n\t\t\t<div class=\"elementor-widget-wrap elementor-element-populated\">\n\t\t\t\t\t\t<div class=\"elementor-element elementor-element-bd394f8 elementor-widget elementor-widget-image\" data-id=\"bd394f8\" data-element_type=\"widget\" data-widget_type=\"image.default\">\n\t\t\t\t<div class=\"elementor-widget-container\">\n\t\t\t\t\t\t\t\t\t\t\t\t\t<img decoding=\"async\" width=\"683\" height=\"1024\" src=\"https:\/\/colabinternational.co.uk\/wp-content\/uploads\/2022\/08\/LondonOct2019training-164-683x1024.jpg\" class=\"attachment-large size-large wp-image-4428\" alt=\"\" srcset=\"https:\/\/colabinternational.co.uk\/wp-content\/uploads\/2022\/08\/LondonOct2019training-164-683x1024.jpg 683w, https:\/\/colabinternational.co.uk\/wp-content\/uploads\/2022\/08\/LondonOct2019training-164-200x300.jpg 200w, https:\/\/colabinternational.co.uk\/wp-content\/uploads\/2022\/08\/LondonOct2019training-164-768x1152.jpg 768w, https:\/\/colabinternational.co.uk\/wp-content\/uploads\/2022\/08\/LondonOct2019training-164-1024x1536.jpg 1024w, https:\/\/colabinternational.co.uk\/wp-content\/uploads\/2022\/08\/LondonOct2019training-164-1365x2048.jpg 1365w, https:\/\/colabinternational.co.uk\/wp-content\/uploads\/2022\/08\/LondonOct2019training-164-scaled.jpg 1707w\" sizes=\"(max-width: 683px) 100vw, 683px\" \/>\t\t\t\t\t\t\t\t\t\t\t\t\t<\/div>\n\t\t\t\t<\/div>\n\t\t\t\t\t<\/div>\n\t\t<\/div>\n\t\t\t\t\t<\/div>\n\t\t<\/section>\n\t\t\t\t\t<\/div>\n\t\t<\/div>\n\t\t\t\t\t<\/div>\n\t\t<\/section>\n\t\t\t\t<section class=\"elementor-section elementor-top-section elementor-element elementor-element-9a42b3c elementor-section-boxed elementor-section-height-default elementor-section-height-default\" data-id=\"9a42b3c\" data-element_type=\"section\" data-settings=\"{&quot;background_background&quot;:&quot;classic&quot;}\">\n\t\t\t\t\t\t\t<div class=\"elementor-background-overlay\"><\/div>\n\t\t\t\t\t\t\t<div class=\"elementor-container elementor-column-gap-default\">\n\t\t\t\t\t<div class=\"elementor-column elementor-col-100 elementor-top-column elementor-element elementor-element-349378d\" data-id=\"349378d\" data-element_type=\"column\" data-settings=\"{&quot;background_background&quot;:&quot;slideshow&quot;,&quot;background_slideshow_gallery&quot;:[],&quot;background_slideshow_loop&quot;:&quot;yes&quot;,&quot;background_slideshow_slide_duration&quot;:5000,&quot;background_slideshow_slide_transition&quot;:&quot;fade&quot;,&quot;background_slideshow_transition_duration&quot;:500}\">\n\t\t\t<div class=\"elementor-widget-wrap elementor-element-populated\">\n\t\t\t\t\t\t<div class=\"elementor-element elementor-element-4912d4a elementor-widget-divider--view-line elementor-widget elementor-widget-divider\" data-id=\"4912d4a\" data-element_type=\"widget\" data-widget_type=\"divider.default\">\n\t\t\t\t<div class=\"elementor-widget-container\">\n\t\t\t\t\t<div class=\"elementor-divider\">\n\t\t\t<span class=\"elementor-divider-separator\">\n\t\t\t\t\t\t<\/span>\n\t\t<\/div>\n\t\t\t\t<\/div>\n\t\t\t\t<\/div>\n\t\t\t\t<div class=\"elementor-element elementor-element-17a4072 elementor-widget elementor-widget-heading\" data-id=\"17a4072\" data-element_type=\"widget\" data-widget_type=\"heading.default\">\n\t\t\t\t<div class=\"elementor-widget-container\">\n\t\t\t<h2 class=\"elementor-heading-title elementor-size-default\">\n\u00bfC\u00f3mo es un proceso de Indagaci\u00f3n Apreciativa?\n<\/h2>\t\t<\/div>\n\t\t\t\t<\/div>\n\t\t\t\t<section class=\"elementor-section elementor-inner-section elementor-element elementor-element-d0cede8 elementor-section-boxed elementor-section-height-default elementor-section-height-default\" data-id=\"d0cede8\" data-element_type=\"section\">\n\t\t\t\t\t\t<div class=\"elementor-container elementor-column-gap-default\">\n\t\t\t\t\t<div class=\"elementor-column elementor-col-50 elementor-inner-column elementor-element elementor-element-8179f47\" data-id=\"8179f47\" data-element_type=\"column\">\n\t\t\t<div class=\"elementor-widget-wrap elementor-element-populated\">\n\t\t\t\t\t\t<div class=\"elementor-element elementor-element-3c02ae2 elementor-widget elementor-widget-image\" data-id=\"3c02ae2\" data-element_type=\"widget\" data-widget_type=\"image.default\">\n\t\t\t\t<div class=\"elementor-widget-container\">\n\t\t\t\t\t\t\t\t\t\t\t\t\t<img decoding=\"async\" width=\"683\" height=\"1024\" src=\"https:\/\/colabinternational.co.uk\/wp-content\/uploads\/2022\/08\/LondonOct2019training-158-683x1024.jpg\" class=\"attachment-large size-large wp-image-4427\" alt=\"\" srcset=\"https:\/\/colabinternational.co.uk\/wp-content\/uploads\/2022\/08\/LondonOct2019training-158-683x1024.jpg 683w, https:\/\/colabinternational.co.uk\/wp-content\/uploads\/2022\/08\/LondonOct2019training-158-200x300.jpg 200w, https:\/\/colabinternational.co.uk\/wp-content\/uploads\/2022\/08\/LondonOct2019training-158-768x1152.jpg 768w, https:\/\/colabinternational.co.uk\/wp-content\/uploads\/2022\/08\/LondonOct2019training-158-1024x1536.jpg 1024w, https:\/\/colabinternational.co.uk\/wp-content\/uploads\/2022\/08\/LondonOct2019training-158-1365x2048.jpg 1365w, https:\/\/colabinternational.co.uk\/wp-content\/uploads\/2022\/08\/LondonOct2019training-158-scaled.jpg 1707w\" sizes=\"(max-width: 683px) 100vw, 683px\" \/>\t\t\t\t\t\t\t\t\t\t\t\t\t<\/div>\n\t\t\t\t<\/div>\n\t\t\t\t\t<\/div>\n\t\t<\/div>\n\t\t\t\t<div class=\"elementor-column elementor-col-50 elementor-inner-column elementor-element elementor-element-6ffe249\" data-id=\"6ffe249\" data-element_type=\"column\">\n\t\t\t<div class=\"elementor-widget-wrap elementor-element-populated\">\n\t\t\t\t\t\t<div class=\"elementor-element elementor-element-35adedf elementor-widget elementor-widget-text-editor\" data-id=\"35adedf\" data-element_type=\"widget\" data-widget_type=\"text-editor.default\">\n\t\t\t\t<div class=\"elementor-widget-container\">\n\t\t\t\t\t\t\t<p><span style=\"font-weight: 400;\">La Indagaci\u00f3n Apreciativa puede realizarse como un proceso estructurado m\u00e1s largo que pasa por fases de:<\/span><\/p><p><span style=\"font-weight: 400;\"><strong><em>DESCUBRE:<\/em> <\/strong>identificar los procesos organizativos que funcionan bien.<\/span><\/p><p><span style=\"font-weight: 400;\"><strong><em>SO\u00d1AR:<\/em> <\/strong>imaginar procesos que funcionar\u00edan bien en el futuro.<\/span><\/p><p><span style=\"font-weight: 400;\"><em><strong>DISE\u00d1AR:<\/strong> <\/em>planificar y priorizar esos procesos.<\/span><\/p><p><span style=\"font-weight: 400;\"><em><strong>ENTREGAR:<\/strong> <\/em>aplicar el dise\u00f1o propuesto.<\/span><\/p><p><span style=\"font-weight: 400;\">La idea b\u00e1sica es construir organizaciones en torno a lo que funciona, en lugar de intentar arreglar lo que no funciona.<\/span><\/p><p><span style=\"font-weight: 400;\">En el centro se encuentra la elecci\u00f3n de un tema positivo: incluso la primera pregunta contiene las semillas del <\/span><span style=\"font-weight: 400;\">cambio que queremos introducir. La Indagaci\u00f3n Apreciativa tambi\u00e9n puede utilizarse para <\/span><span style=\"font-weight: 400;\">iniciar una reuni\u00f3n o conversaci\u00f3n identificando lo que ya funciona, por ejemplo, <\/span><span style=\"font-weight: 400;\">\u00bfqu\u00e9 es lo que m\u00e1s valoras de ti mismo, de tu trabajo o de tu organizaci\u00f3n?<\/span><\/p><p><br \/><br \/><\/p>\t\t\t\t\t\t<\/div>\n\t\t\t\t<\/div>\n\t\t\t\t\t<\/div>\n\t\t<\/div>\n\t\t\t\t\t<\/div>\n\t\t<\/section>\n\t\t\t\t\t<\/div>\n\t\t<\/div>\n\t\t\t\t\t<\/div>\n\t\t<\/section>\n\t\t\t\t<section class=\"elementor-section elementor-top-section elementor-element elementor-element-3222fc6 elementor-section-boxed elementor-section-height-default elementor-section-height-default\" data-id=\"3222fc6\" data-element_type=\"section\">\n\t\t\t\t\t\t<div class=\"elementor-container elementor-column-gap-default\">\n\t\t\t\t\t<div class=\"elementor-column elementor-col-33 elementor-top-column elementor-element elementor-element-b5dce8d\" data-id=\"b5dce8d\" data-element_type=\"column\">\n\t\t\t<div class=\"elementor-widget-wrap\">\n\t\t\t\t\t\t\t<\/div>\n\t\t<\/div>\n\t\t\t\t<div class=\"elementor-column elementor-col-33 elementor-top-column elementor-element elementor-element-0139450\" data-id=\"0139450\" data-element_type=\"column\">\n\t\t\t<div class=\"elementor-widget-wrap elementor-element-populated\">\n\t\t\t\t\t\t<div class=\"elementor-element elementor-element-fd55fc9 elementor-align-center elementor-widget elementor-widget-button\" data-id=\"fd55fc9\" data-element_type=\"widget\" data-widget_type=\"button.default\">\n\t\t\t\t<div class=\"elementor-widget-container\">\n\t\t\t\t\t<div class=\"elementor-button-wrapper\">\n\t\t\t<a class=\"elementor-button elementor-button-link elementor-size-sm\" href=\"https:\/\/colabinternational.co.uk\/es\/methods-practices\/\">\n\t\t\t\t\t\t<span class=\"elementor-button-content-wrapper\">\n\t\t\t\t\t\t\t\t\t<span class=\"elementor-button-text\">VOLVER<\/span>\n\t\t\t\t\t<\/span>\n\t\t\t\t\t<\/a>\n\t\t<\/div>\n\t\t\t\t<\/div>\n\t\t\t\t<\/div>\n\t\t\t\t\t<\/div>\n\t\t<\/div>\n\t\t\t\t<div class=\"elementor-column elementor-col-33 elementor-top-column elementor-element elementor-element-aeffc4a\" data-id=\"aeffc4a\" data-element_type=\"column\">\n\t\t\t<div class=\"elementor-widget-wrap\">\n\t\t\t\t\t\t\t<\/div>\n\t\t<\/div>\n\t\t\t\t\t<\/div>\n\t\t<\/section>\n\t\t\t\t<\/div>","protected":false},"excerpt":{"rendered":"<p>Appreciative Inquiry Appreciative Inquiry has been defined as: Appreciative Inquiry is a strategy for creating change that identifies the best of \u2018what is\u2019 in order to pursue dreams and possibilities of \u2018what could be\u2019. It is a cooperative search for strengths, passions and life-giving forces that are found within every system that hold potential for [&hellip;]<\/p>","protected":false},"author":1,"featured_media":0,"parent":0,"menu_order":0,"comment_status":"closed","ping_status":"closed","template":"","meta":{"site-sidebar-layout":"no-sidebar","site-content-layout":"page-builder","ast-site-content-layout":"","site-content-style":"default","site-sidebar-style":"default","ast-global-header-display":"","ast-banner-title-visibility":"","ast-main-header-display":"","ast-hfb-above-header-display":"","ast-hfb-below-header-display":"","ast-hfb-mobile-header-display":"","site-post-title":"disabled","ast-breadcrumbs-content":"disabled","ast-featured-img":"disabled","footer-sml-layout":"","theme-transparent-header-meta":"enabled","adv-header-id-meta":"","stick-header-meta":"","header-above-stick-meta":"","header-main-stick-meta":"","header-below-stick-meta":"","astra-migrate-meta-layouts":"default","ast-page-background-enabled":"default","ast-page-background-meta":{"desktop":{"background-color":"","background-image":"","background-repeat":"repeat","background-position":"center center","background-size":"auto","background-attachment":"scroll","background-type":"","background-media":"","overlay-type":"","overlay-color":"","overlay-opacity":"","overlay-gradient":""},"tablet":{"background-color":"","background-image":"","background-repeat":"repeat","background-position":"center center","background-size":"auto","background-attachment":"scroll","background-type":"","background-media":"","overlay-type":"","overlay-color":"","overlay-opacity":"","overlay-gradient":""},"mobile":{"background-color":"","background-image":"","background-repeat":"repeat","background-position":"center center","background-size":"auto","background-attachment":"scroll","background-type":"","background-media":"","overlay-type":"","overlay-color":"","overlay-opacity":"","overlay-gradient":""}},"ast-content-background-meta":{"desktop":{"background-color":"var(--ast-global-color-5)","background-image":"","background-repeat":"repeat","background-position":"center center","background-size":"auto","background-attachment":"scroll","background-type":"","background-media":"","overlay-type":"","overlay-color":"","overlay-opacity":"","overlay-gradient":""},"tablet":{"background-color":"var(--ast-global-color-5)","background-image":"","background-repeat":"repeat","background-position":"center center","background-size":"auto","background-attachment":"scroll","background-type":"","background-media":"","overlay-type":"","overlay-color":"","overlay-opacity":"","overlay-gradient":""},"mobile":{"background-color":"var(--ast-global-color-5)","background-image":"","background-repeat":"repeat","background-position":"center center","background-size":"auto","background-attachment":"scroll","background-type":"","background-media":"","overlay-type":"","overlay-color":"","overlay-opacity":"","overlay-gradient":""}},"_ti_tpc_template_sync":false,"_ti_tpc_template_id":"","footnotes":""},"class_list":["post-6217","page","type-page","status-publish","hentry"],"_links":{"self":[{"href":"https:\/\/colabinternational.co.uk\/es\/wp-json\/wp\/v2\/pages\/6217","targetHints":{"allow":["GET"]}}],"collection":[{"href":"https:\/\/colabinternational.co.uk\/es\/wp-json\/wp\/v2\/pages"}],"about":[{"href":"https:\/\/colabinternational.co.uk\/es\/wp-json\/wp\/v2\/types\/page"}],"author":[{"embeddable":true,"href":"https:\/\/colabinternational.co.uk\/es\/wp-json\/wp\/v2\/users\/1"}],"replies":[{"embeddable":true,"href":"https:\/\/colabinternational.co.uk\/es\/wp-json\/wp\/v2\/comments?post=6217"}],"version-history":[{"count":0,"href":"https:\/\/colabinternational.co.uk\/es\/wp-json\/wp\/v2\/pages\/6217\/revisions"}],"wp:attachment":[{"href":"https:\/\/colabinternational.co.uk\/es\/wp-json\/wp\/v2\/media?parent=6217"}],"curies":[{"name":"wp","href":"https:\/\/api.w.org\/{rel}","templated":true}]}}