{"id":6088,"date":"2023-04-27T23:25:42","date_gmt":"2023-04-27T23:25:42","guid":{"rendered":"https:\/\/colabinternational.co.uk\/?page_id=6088"},"modified":"2023-05-10T21:36:23","modified_gmt":"2023-05-10T21:36:23","slug":"collective-story-harvest","status":"publish","type":"page","link":"https:\/\/colabinternational.co.uk\/es\/collective-story-harvest","title":{"rendered":"COLLECTIVE STORY HARVEST"},"content":{"rendered":"<div data-elementor-type=\"wp-page\" data-elementor-id=\"6088\" class=\"elementor elementor-6088\" data-elementor-post-type=\"page\">\n\t\t\t\t\t\t<section class=\"elementor-section elementor-top-section elementor-element elementor-element-f42acd5 elementor-section-boxed elementor-section-height-default elementor-section-height-default\" data-id=\"f42acd5\" data-element_type=\"section\">\n\t\t\t\t\t\t<div class=\"elementor-container elementor-column-gap-default\">\n\t\t\t\t\t<div class=\"elementor-column elementor-col-100 elementor-top-column elementor-element elementor-element-0cedcb6\" data-id=\"0cedcb6\" data-element_type=\"column\">\n\t\t\t<div class=\"elementor-widget-wrap elementor-element-populated\">\n\t\t\t\t\t\t<div class=\"elementor-element elementor-element-fd673d2 elementor-widget-divider--view-line elementor-widget elementor-widget-divider\" data-id=\"fd673d2\" data-element_type=\"widget\" data-widget_type=\"divider.default\">\n\t\t\t\t<div class=\"elementor-widget-container\">\n\t\t\t\t\t<div class=\"elementor-divider\">\n\t\t\t<span class=\"elementor-divider-separator\">\n\t\t\t\t\t\t<\/span>\n\t\t<\/div>\n\t\t\t\t<\/div>\n\t\t\t\t<\/div>\n\t\t\t\t<div class=\"elementor-element elementor-element-2e0282b elementor-widget elementor-widget-heading\" data-id=\"2e0282b\" data-element_type=\"widget\" data-widget_type=\"heading.default\">\n\t\t\t\t<div class=\"elementor-widget-container\">\n\t\t\t<h3 class=\"elementor-heading-title elementor-size-xxl\">Cosecha colectiva de historias<\/h3>\t\t<\/div>\n\t\t\t\t<\/div>\n\t\t\t\t<div class=\"elementor-element elementor-element-debf113 elementor-widget elementor-widget-text-editor\" data-id=\"debf113\" data-element_type=\"widget\" data-widget_type=\"text-editor.default\">\n\t\t\t\t<div class=\"elementor-widget-container\">\n\t\t\t\t\t\t\t<p><strong>Cosecha colectiva de historias se ha definido como:<\/strong><\/p>\t\t\t\t\t\t<\/div>\n\t\t\t\t<\/div>\n\t\t\t\t<section class=\"elementor-section elementor-inner-section elementor-element elementor-element-019dbba elementor-section-boxed elementor-section-height-default elementor-section-height-default\" data-id=\"019dbba\" data-element_type=\"section\">\n\t\t\t\t\t\t<div class=\"elementor-container elementor-column-gap-default\">\n\t\t\t\t\t<div class=\"elementor-column elementor-col-50 elementor-inner-column elementor-element elementor-element-a00ef5a\" data-id=\"a00ef5a\" data-element_type=\"column\">\n\t\t\t<div class=\"elementor-widget-wrap elementor-element-populated\">\n\t\t\t\t\t\t<div class=\"elementor-element elementor-element-a240203 elementor-widget elementor-widget-image\" data-id=\"a240203\" data-element_type=\"widget\" data-widget_type=\"image.default\">\n\t\t\t\t<div class=\"elementor-widget-container\">\n\t\t\t\t\t\t\t\t\t\t\t\t\t<img fetchpriority=\"high\" decoding=\"async\" width=\"1024\" height=\"768\" src=\"https:\/\/colabinternational.co.uk\/wp-content\/uploads\/2023\/05\/IMG_7942-1-1024x768.jpeg\" class=\"attachment-large size-large wp-image-6283\" alt=\"\" srcset=\"https:\/\/colabinternational.co.uk\/wp-content\/uploads\/2023\/05\/IMG_7942-1-1024x768.jpeg 1024w, https:\/\/colabinternational.co.uk\/wp-content\/uploads\/2023\/05\/IMG_7942-1-300x225.jpeg 300w, https:\/\/colabinternational.co.uk\/wp-content\/uploads\/2023\/05\/IMG_7942-1-768x576.jpeg 768w, https:\/\/colabinternational.co.uk\/wp-content\/uploads\/2023\/05\/IMG_7942-1-1536x1152.jpeg 1536w, https:\/\/colabinternational.co.uk\/wp-content\/uploads\/2023\/05\/IMG_7942-1-2048x1536.jpeg 2048w\" sizes=\"(max-width: 1024px) 100vw, 1024px\" \/>\t\t\t\t\t\t\t\t\t\t\t\t\t<\/div>\n\t\t\t\t<\/div>\n\t\t\t\t\t<\/div>\n\t\t<\/div>\n\t\t\t\t<div class=\"elementor-column elementor-col-50 elementor-inner-column elementor-element elementor-element-0c2d695\" data-id=\"0c2d695\" data-element_type=\"column\">\n\t\t\t<div class=\"elementor-widget-wrap elementor-element-populated\">\n\t\t\t\t\t\t<div class=\"elementor-element elementor-element-082d49b elementor-widget elementor-widget-text-editor\" data-id=\"082d49b\" data-element_type=\"widget\" data-widget_type=\"text-editor.default\">\n\t\t\t\t<div class=\"elementor-widget-container\">\n\t\t\t\t\t\t\t<p><span style=\"font-weight: 400;\">La Cosecha colectiva de historias es un proceso narrativo para desvelar m\u00faltiples facetas, aspectos y percepciones ocultas profundamente en las experiencias de individuos, comunidades, equipos, organizaciones o sistemas sociales. Como proceso, ayuda a encontrar temas comunes, de un \u00e1mbito concreto, facilitando la extracci\u00f3n de conocimientos y aprendizajes presentes en nuestras historias para que podamos llevarlos a la pr\u00e1ctica o a un aprendizaje procesable, al tiempo que agudiza la capacidad de escucha de los participantes, fomentando la empat\u00eda y las conexiones profundas entre las personas.<\/span><\/p>\t\t\t\t\t\t<\/div>\n\t\t\t\t<\/div>\n\t\t\t\t\t<\/div>\n\t\t<\/div>\n\t\t\t\t\t<\/div>\n\t\t<\/section>\n\t\t\t\t\t<\/div>\n\t\t<\/div>\n\t\t\t\t\t<\/div>\n\t\t<\/section>\n\t\t\t\t<section class=\"elementor-section elementor-top-section elementor-element elementor-element-217d587 elementor-section-boxed elementor-section-height-default elementor-section-height-default\" data-id=\"217d587\" data-element_type=\"section\">\n\t\t\t\t\t\t<div class=\"elementor-container elementor-column-gap-default\">\n\t\t\t\t\t<div class=\"elementor-column elementor-col-100 elementor-top-column elementor-element elementor-element-99c780a\" data-id=\"99c780a\" data-element_type=\"column\">\n\t\t\t<div class=\"elementor-widget-wrap elementor-element-populated\">\n\t\t\t\t\t\t<div class=\"elementor-element elementor-element-3fe4d17 elementor-widget-divider--view-line elementor-widget elementor-widget-divider\" data-id=\"3fe4d17\" data-element_type=\"widget\" data-widget_type=\"divider.default\">\n\t\t\t\t<div class=\"elementor-widget-container\">\n\t\t\t\t\t<div class=\"elementor-divider\">\n\t\t\t<span class=\"elementor-divider-separator\">\n\t\t\t\t\t\t<\/span>\n\t\t<\/div>\n\t\t\t\t<\/div>\n\t\t\t\t<\/div>\n\t\t\t\t<div class=\"elementor-element elementor-element-752f2d1 elementor-widget elementor-widget-heading\" data-id=\"752f2d1\" data-element_type=\"widget\" data-widget_type=\"heading.default\">\n\t\t\t\t<div class=\"elementor-widget-container\">\n\t\t\t<h2 class=\"elementor-heading-title elementor-size-xxl\">\u00bfCu\u00e1ndo usar la Cosecha Colectiva de Historias?\n<\/h2>\t\t<\/div>\n\t\t\t\t<\/div>\n\t\t\t\t<section class=\"elementor-section elementor-inner-section elementor-element elementor-element-f78917c elementor-section-boxed elementor-section-height-default elementor-section-height-default\" data-id=\"f78917c\" data-element_type=\"section\">\n\t\t\t\t\t\t<div class=\"elementor-container elementor-column-gap-default\">\n\t\t\t\t\t<div class=\"elementor-column elementor-col-50 elementor-inner-column elementor-element elementor-element-e405d4c\" data-id=\"e405d4c\" data-element_type=\"column\">\n\t\t\t<div class=\"elementor-widget-wrap elementor-element-populated\">\n\t\t\t\t\t\t<div class=\"elementor-element elementor-element-8513812 elementor-widget elementor-widget-text-editor\" data-id=\"8513812\" data-element_type=\"widget\" data-widget_type=\"text-editor.default\">\n\t\t\t\t<div class=\"elementor-widget-container\">\n\t\t\t\t\t\t\t<ul><li style=\"font-weight: 400;\" aria-level=\"1\"><span style=\"font-weight: 400;\">Como parte de ejercicios de indagaci\u00f3n o escucha<\/span><\/li><li style=\"font-weight: 400;\" aria-level=\"1\"><span style=\"font-weight: 400;\">Cuando se busca comprender la experiencia para mejorar un servicio, un producto o transformar un sistema.<\/span><\/li><li style=\"font-weight: 400;\" aria-level=\"1\"><span style=\"font-weight: 400;\">Como parte de un proceso de escucha para crear nuevas pol\u00edticas o transformar las existentes a partir de los relatos de personas con experiencia vivida en el asunto en cuesti\u00f3n (por ejemplo, conocer los relatos de personas que fueron adoptadas o cuyos hijos fueron retirados por los servicios sociales durante una revisi\u00f3n del sistema de atenci\u00f3n social a la infancia).<\/span><\/li><li style=\"font-weight: 400;\" aria-level=\"1\"><span style=\"font-weight: 400;\">Como parte de un ejercicio de trabajo en equipo<\/span><\/li><li style=\"font-weight: 400;\" aria-level=\"1\"><span style=\"font-weight: 400;\">Parte de un proceso de planificaci\u00f3n estrat\u00e9gica<\/span><\/li><li style=\"font-weight: 400;\" aria-level=\"1\"><span style=\"font-weight: 400;\">Como parte de una revisi\u00f3n posterior a la acci\u00f3n<\/span><\/li><\/ul>\t\t\t\t\t\t<\/div>\n\t\t\t\t<\/div>\n\t\t\t\t\t<\/div>\n\t\t<\/div>\n\t\t\t\t<div class=\"elementor-column elementor-col-50 elementor-inner-column elementor-element elementor-element-c740234\" data-id=\"c740234\" data-element_type=\"column\">\n\t\t\t<div class=\"elementor-widget-wrap elementor-element-populated\">\n\t\t\t\t\t\t<div class=\"elementor-element elementor-element-f4e4e98 elementor-widget elementor-widget-image\" data-id=\"f4e4e98\" data-element_type=\"widget\" data-widget_type=\"image.default\">\n\t\t\t\t<div class=\"elementor-widget-container\">\n\t\t\t\t\t\t\t\t\t\t\t\t\t<img decoding=\"async\" width=\"1024\" height=\"638\" src=\"https:\/\/colabinternational.co.uk\/wp-content\/uploads\/2023\/05\/Screen-Shot-2022-03-03-at-6.09.10-AM-1024x638.png\" class=\"attachment-large size-large wp-image-6284\" alt=\"\" srcset=\"https:\/\/colabinternational.co.uk\/wp-content\/uploads\/2023\/05\/Screen-Shot-2022-03-03-at-6.09.10-AM-1024x638.png 1024w, https:\/\/colabinternational.co.uk\/wp-content\/uploads\/2023\/05\/Screen-Shot-2022-03-03-at-6.09.10-AM-300x187.png 300w, https:\/\/colabinternational.co.uk\/wp-content\/uploads\/2023\/05\/Screen-Shot-2022-03-03-at-6.09.10-AM-768x478.png 768w, https:\/\/colabinternational.co.uk\/wp-content\/uploads\/2023\/05\/Screen-Shot-2022-03-03-at-6.09.10-AM-1536x957.png 1536w, https:\/\/colabinternational.co.uk\/wp-content\/uploads\/2023\/05\/Screen-Shot-2022-03-03-at-6.09.10-AM-2048x1276.png 2048w\" sizes=\"(max-width: 1024px) 100vw, 1024px\" \/>\t\t\t\t\t\t\t\t\t\t\t\t\t<\/div>\n\t\t\t\t<\/div>\n\t\t\t\t\t<\/div>\n\t\t<\/div>\n\t\t\t\t\t<\/div>\n\t\t<\/section>\n\t\t\t\t\t<\/div>\n\t\t<\/div>\n\t\t\t\t\t<\/div>\n\t\t<\/section>\n\t\t\t\t<section class=\"elementor-section elementor-top-section elementor-element elementor-element-9a42b3c elementor-section-boxed elementor-section-height-default elementor-section-height-default\" data-id=\"9a42b3c\" data-element_type=\"section\" data-settings=\"{&quot;background_background&quot;:&quot;classic&quot;}\">\n\t\t\t\t\t\t\t<div class=\"elementor-background-overlay\"><\/div>\n\t\t\t\t\t\t\t<div class=\"elementor-container elementor-column-gap-default\">\n\t\t\t\t\t<div class=\"elementor-column elementor-col-100 elementor-top-column elementor-element elementor-element-349378d\" data-id=\"349378d\" data-element_type=\"column\">\n\t\t\t<div class=\"elementor-widget-wrap elementor-element-populated\">\n\t\t\t\t\t\t<div class=\"elementor-element elementor-element-17a4072 elementor-widget elementor-widget-heading\" data-id=\"17a4072\" data-element_type=\"widget\" data-widget_type=\"heading.default\">\n\t\t\t\t<div class=\"elementor-widget-container\">\n\t\t\t<h2 class=\"elementor-heading-title elementor-size-default\">\u00bfC\u00f3mo funciona Cosecha colectiva de historias?<\/h2>\t\t<\/div>\n\t\t\t\t<\/div>\n\t\t\t\t<div class=\"elementor-element elementor-element-35adedf elementor-widget elementor-widget-text-editor\" data-id=\"35adedf\" data-element_type=\"widget\" data-widget_type=\"text-editor.default\">\n\t\t\t\t<div class=\"elementor-widget-container\">\n\t\t\t\t\t\t\t<p><span style=\"font-weight: 400;\">Cuando se va a convocar un Cosecha colectiva de Historias primero hay que encontrar a los narradores (personas que tendr\u00e1n una historia que contar con un hilo conductor com\u00fan y que son representativas de los grupos de interesados clave dentro del campo social que se intenta estudiar).<\/span><\/p><p><span style=\"font-weight: 400;\">Debes identificar algunos \"lentes de escucha\", que son aquellas \u00e1reas concretas en las que te gustar\u00eda centrar el aprendizaje espec\u00edfico que quieres obtener de las historias (por ejemplo, los retos, las oportunidades, el punto de inflexi\u00f3n, \u00bfQu\u00e9 ayud\u00f3? \u00bfQu\u00e9 obstaculiz\u00f3? etc.)<\/span><\/p><p><span style=\"font-weight: 400;\">Antes del evento (idealmente), los narradores deben recibir apoyo para comprender c\u00f3mo contar la historia de la mejor manera posible. Deben ser conscientes de los lentes de escucha que se van a utilizar, para que den forma a su historia en torno a esto, pero sin hacerlo demasiado expl\u00edcito en la historia que cuentan.<\/span><\/p><p><span style=\"font-weight: 400;\">A continuaci\u00f3n, puede invitar a los participantes comunic\u00e1ndoles los nombres de los narradores y los t\u00edtulos o subt\u00edtulos de las historias que van a contar (si es posible).<\/span><\/p>\t\t\t\t\t\t<\/div>\n\t\t\t\t<\/div>\n\t\t\t\t\t<\/div>\n\t\t<\/div>\n\t\t\t\t\t<\/div>\n\t\t<\/section>\n\t\t\t\t<section class=\"elementor-section elementor-top-section elementor-element elementor-element-f1e32e0 elementor-section-boxed elementor-section-height-default elementor-section-height-default\" data-id=\"f1e32e0\" data-element_type=\"section\" data-settings=\"{&quot;background_background&quot;:&quot;classic&quot;}\">\n\t\t\t\t\t\t<div class=\"elementor-container elementor-column-gap-default\">\n\t\t\t\t\t<div class=\"elementor-column elementor-col-100 elementor-top-column elementor-element elementor-element-3bc0ac0\" data-id=\"3bc0ac0\" data-element_type=\"column\">\n\t\t\t<div class=\"elementor-widget-wrap elementor-element-populated\">\n\t\t\t\t\t\t<div class=\"elementor-element elementor-element-114eb30 elementor-widget elementor-widget-heading\" data-id=\"114eb30\" data-element_type=\"widget\" data-widget_type=\"heading.default\">\n\t\t\t\t<div class=\"elementor-widget-container\">\n\t\t\t<h2 class=\"elementor-heading-title elementor-size-xxl\">\nDescripci\u00f3n general del proceso: \n<\/h2>\t\t<\/div>\n\t\t\t\t<\/div>\n\t\t\t\t<section class=\"elementor-section elementor-inner-section elementor-element elementor-element-99c5d75 elementor-section-boxed elementor-section-height-default elementor-section-height-default\" data-id=\"99c5d75\" data-element_type=\"section\">\n\t\t\t\t\t\t<div class=\"elementor-container elementor-column-gap-default\">\n\t\t\t\t\t<div class=\"elementor-column elementor-col-100 elementor-inner-column elementor-element elementor-element-1ad0094\" data-id=\"1ad0094\" data-element_type=\"column\">\n\t\t\t<div class=\"elementor-widget-wrap elementor-element-populated\">\n\t\t\t\t\t\t<div class=\"elementor-element elementor-element-bae8ee6 elementor-widget elementor-widget-text-editor\" data-id=\"bae8ee6\" data-element_type=\"widget\" data-widget_type=\"text-editor.default\">\n\t\t\t\t<div class=\"elementor-widget-container\">\n\t\t\t\t\t\t\t<ul><li style=\"font-weight: 400;\" aria-level=\"1\"><b>Encuadre e introducci\u00f3n del proceso:<\/b><span style=\"font-weight: 400;\"> Todo el grupo se re\u00fane y el anfitri\u00f3n introduce el proceso. Los participantes elegir\u00e1n a qu\u00e9 historia quieren unirse y escuchar.\u00a0<\/span><\/li><li style=\"font-weight: 400;\" aria-level=\"1\"><b>Narraci\u00f3n de historias en peque\u00f1os grupos:<\/b><span style=\"font-weight: 400;\"> \u00a0<\/span>Tras la introducci\u00f3n, los participantes pasan a peque\u00f1os grupos en los que unos diez participantes se unen a un narrador. Un anfitri\u00f3n invita al grupo a rodear el c\u00edrculo para presentarse brevemente y, a continuaci\u00f3n, invita a voluntarios a escuchar temas espec\u00edficos de las historias. (simplemente refuerzan la escucha y el aprendizaje de las historias). A continuaci\u00f3n, el narrador se presenta y cuenta su historia durante unos 15-30 minutos, con la posibilidad de que los participantes hagan preguntas o comentarios apreciativos al final.<\/li><li style=\"font-weight: 400;\" aria-level=\"1\"><b>Cosecha en peque\u00f1os grupos tem\u00e1ticos: <\/b>Una vez que hayan terminado de contar su historia, los grupos se dividir\u00e1n en peque\u00f1os grupos tem\u00e1ticos durante unos 30 minutos para explorar los puntos en com\u00fan entre las distintas historias en relaci\u00f3n con la lente de escucha que se les dio o que eligieron los participantes. (por ejemplo, las personas que escuchen los retos formar\u00e1n un grupo, las que escuchen las oportunidades estar\u00e1n juntas en un grupo diferente). Mientras tanto, los narradores se re\u00fanen para reflexionar sobre c\u00f3mo fue escuchar sus historias, sus principales ideas y conclusiones.<\/li><li style=\"font-weight: 400;\" aria-level=\"1\"><b>Convergencia y recolecci\u00f3n:<\/b> Todo el grupo vuelve a reunirse durante al menos 30 minutos y entabla una nueva conversaci\u00f3n plenaria para descubrir lo que se ha aprendido a trav\u00e9s de todas las historias y lentes de escucha y para cosechar la sabidur\u00eda generada identificando las ideas y patrones clave. <strong>juntos.<\/strong><\/li><li style=\"font-weight: 400;\" aria-level=\"1\"><strong>C\u00edrculo de gratitud: <\/strong>El espacio se cierra con un c\u00edrculo de gratitud en el que todos los narradores y al menos algunos participantes pueden compartir sus principales conclusiones y algo por lo que est\u00e9n agradecidos en particular.<\/li><\/ul>\t\t\t\t\t\t<\/div>\n\t\t\t\t<\/div>\n\t\t\t\t\t<\/div>\n\t\t<\/div>\n\t\t\t\t\t<\/div>\n\t\t<\/section>\n\t\t\t\t\t<\/div>\n\t\t<\/div>\n\t\t\t\t\t<\/div>\n\t\t<\/section>\n\t\t\t\t<section class=\"elementor-section elementor-top-section elementor-element elementor-element-3222fc6 elementor-section-boxed elementor-section-height-default elementor-section-height-default\" data-id=\"3222fc6\" data-element_type=\"section\">\n\t\t\t\t\t\t<div class=\"elementor-container elementor-column-gap-default\">\n\t\t\t\t\t<div class=\"elementor-column elementor-col-33 elementor-top-column elementor-element elementor-element-b5dce8d\" data-id=\"b5dce8d\" data-element_type=\"column\">\n\t\t\t<div class=\"elementor-widget-wrap\">\n\t\t\t\t\t\t\t<\/div>\n\t\t<\/div>\n\t\t\t\t<div class=\"elementor-column elementor-col-33 elementor-top-column elementor-element elementor-element-0139450\" data-id=\"0139450\" data-element_type=\"column\">\n\t\t\t<div class=\"elementor-widget-wrap elementor-element-populated\">\n\t\t\t\t\t\t<div class=\"elementor-element elementor-element-fd55fc9 elementor-align-center elementor-widget elementor-widget-button\" data-id=\"fd55fc9\" data-element_type=\"widget\" data-widget_type=\"button.default\">\n\t\t\t\t<div class=\"elementor-widget-container\">\n\t\t\t\t\t<div class=\"elementor-button-wrapper\">\n\t\t\t<a class=\"elementor-button elementor-button-link elementor-size-sm\" href=\"https:\/\/colabinternational.co.uk\/es\/methods-practices\/\">\n\t\t\t\t\t\t<span class=\"elementor-button-content-wrapper\">\n\t\t\t\t\t\t\t\t\t<span class=\"elementor-button-text\">VOLVER<\/span>\n\t\t\t\t\t<\/span>\n\t\t\t\t\t<\/a>\n\t\t<\/div>\n\t\t\t\t<\/div>\n\t\t\t\t<\/div>\n\t\t\t\t\t<\/div>\n\t\t<\/div>\n\t\t\t\t<div class=\"elementor-column elementor-col-33 elementor-top-column elementor-element elementor-element-aeffc4a\" data-id=\"aeffc4a\" data-element_type=\"column\">\n\t\t\t<div class=\"elementor-widget-wrap\">\n\t\t\t\t\t\t\t<\/div>\n\t\t<\/div>\n\t\t\t\t\t<\/div>\n\t\t<\/section>\n\t\t\t\t<\/div>","protected":false},"excerpt":{"rendered":"<p>Collective Story Harvest Collective Story Harvest has been defined as: Collective Story Harvest is a storytelling process to unveil multiple facets, aspects and insights hidden deeply in the experiences of individuals, communities, teams, organisations or social systems. As a process it helps to find common themes, from a particular field, making it easy to extract [&hellip;]<\/p>","protected":false},"author":1,"featured_media":0,"parent":0,"menu_order":0,"comment_status":"closed","ping_status":"closed","template":"","meta":{"site-sidebar-layout":"no-sidebar","site-content-layout":"page-builder","ast-site-content-layout":"","site-content-style":"default","site-sidebar-style":"default","ast-global-header-display":"","ast-banner-title-visibility":"","ast-main-header-display":"","ast-hfb-above-header-display":"","ast-hfb-below-header-display":"","ast-hfb-mobile-header-display":"","site-post-title":"disabled","ast-breadcrumbs-content":"disabled","ast-featured-img":"disabled","footer-sml-layout":"","theme-transparent-header-meta":"enabled","adv-header-id-meta":"","stick-header-meta":"","header-above-stick-meta":"","header-main-stick-meta":"","header-below-stick-meta":"","astra-migrate-meta-layouts":"default","ast-page-background-enabled":"default","ast-page-background-meta":{"desktop":{"background-color":"","background-image":"","background-repeat":"repeat","background-position":"center center","background-size":"auto","background-attachment":"scroll","background-type":"","background-media":"","overlay-type":"","overlay-color":"","overlay-opacity":"","overlay-gradient":""},"tablet":{"background-color":"","background-image":"","background-repeat":"repeat","background-position":"center center","background-size":"auto","background-attachment":"scroll","background-type":"","background-media":"","overlay-type":"","overlay-color":"","overlay-opacity":"","overlay-gradient":""},"mobile":{"background-color":"","background-image":"","background-repeat":"repeat","background-position":"center center","background-size":"auto","background-attachment":"scroll","background-type":"","background-media":"","overlay-type":"","overlay-color":"","overlay-opacity":"","overlay-gradient":""}},"ast-content-background-meta":{"desktop":{"background-color":"var(--ast-global-color-5)","background-image":"","background-repeat":"repeat","background-position":"center center","background-size":"auto","background-attachment":"scroll","background-type":"","background-media":"","overlay-type":"","overlay-color":"","overlay-opacity":"","overlay-gradient":""},"tablet":{"background-color":"var(--ast-global-color-5)","background-image":"","background-repeat":"repeat","background-position":"center center","background-size":"auto","background-attachment":"scroll","background-type":"","background-media":"","overlay-type":"","overlay-color":"","overlay-opacity":"","overlay-gradient":""},"mobile":{"background-color":"var(--ast-global-color-5)","background-image":"","background-repeat":"repeat","background-position":"center center","background-size":"auto","background-attachment":"scroll","background-type":"","background-media":"","overlay-type":"","overlay-color":"","overlay-opacity":"","overlay-gradient":""}},"_ti_tpc_template_sync":false,"_ti_tpc_template_id":"","footnotes":""},"class_list":["post-6088","page","type-page","status-publish","hentry"],"_links":{"self":[{"href":"https:\/\/colabinternational.co.uk\/es\/wp-json\/wp\/v2\/pages\/6088","targetHints":{"allow":["GET"]}}],"collection":[{"href":"https:\/\/colabinternational.co.uk\/es\/wp-json\/wp\/v2\/pages"}],"about":[{"href":"https:\/\/colabinternational.co.uk\/es\/wp-json\/wp\/v2\/types\/page"}],"author":[{"embeddable":true,"href":"https:\/\/colabinternational.co.uk\/es\/wp-json\/wp\/v2\/users\/1"}],"replies":[{"embeddable":true,"href":"https:\/\/colabinternational.co.uk\/es\/wp-json\/wp\/v2\/comments?post=6088"}],"version-history":[{"count":0,"href":"https:\/\/colabinternational.co.uk\/es\/wp-json\/wp\/v2\/pages\/6088\/revisions"}],"wp:attachment":[{"href":"https:\/\/colabinternational.co.uk\/es\/wp-json\/wp\/v2\/media?parent=6088"}],"curies":[{"name":"wp","href":"https:\/\/api.w.org\/{rel}","templated":true}]}}