{"id":5560,"date":"2023-04-07T15:56:12","date_gmt":"2023-04-07T15:56:12","guid":{"rendered":"https:\/\/colabinternational.co.uk\/?page_id=5560"},"modified":"2023-04-07T16:11:05","modified_gmt":"2023-04-07T16:11:05","slug":"the-art-of-hosting-and-havesting-conversations-that-matter-informative","status":"publish","type":"page","link":"https:\/\/colabinternational.co.uk\/es\/the-art-of-hosting-and-havesting-conversations-that-matter-informative","title":{"rendered":"The Art of Hosting and Havesting Conversations that Matter-informative"},"content":{"rendered":"<div data-elementor-type=\"wp-page\" data-elementor-id=\"5560\" class=\"elementor elementor-5560\" data-elementor-post-type=\"page\">\n\t\t\t\t\t\t<section class=\"elementor-section elementor-top-section elementor-element elementor-element-a0c48cd elementor-section-height-min-height elementor-section-items-bottom elementor-section-boxed elementor-section-height-default\" data-id=\"a0c48cd\" data-element_type=\"section\" data-settings=\"{&quot;background_background&quot;:&quot;classic&quot;}\">\n\t\t\t\t\t\t\t<div class=\"elementor-background-overlay\"><\/div>\n\t\t\t\t\t\t\t<div class=\"elementor-container elementor-column-gap-no\">\n\t\t\t\t\t<div class=\"elementor-column elementor-col-33 elementor-top-column elementor-element elementor-element-009c95e\" data-id=\"009c95e\" data-element_type=\"column\">\n\t\t\t<div class=\"elementor-widget-wrap elementor-element-populated\">\n\t\t\t\t\t\t<div class=\"elementor-element elementor-element-bab2a57 elementor-widget elementor-widget-image\" data-id=\"bab2a57\" data-element_type=\"widget\" data-widget_type=\"image.default\">\n\t\t\t\t<div class=\"elementor-widget-container\">\n\t\t\t\t\t\t\t\t\t\t\t\t\t<img fetchpriority=\"high\" decoding=\"async\" width=\"924\" height=\"438\" src=\"https:\/\/colabinternational.co.uk\/wp-content\/uploads\/2022\/07\/icons-28.png\" class=\"attachment-large size-large wp-image-4016\" alt=\"\" srcset=\"https:\/\/colabinternational.co.uk\/wp-content\/uploads\/2022\/07\/icons-28.png 924w, https:\/\/colabinternational.co.uk\/wp-content\/uploads\/2022\/07\/icons-28-300x142.png 300w, https:\/\/colabinternational.co.uk\/wp-content\/uploads\/2022\/07\/icons-28-768x364.png 768w\" sizes=\"(max-width: 924px) 100vw, 924px\" \/>\t\t\t\t\t\t\t\t\t\t\t\t\t<\/div>\n\t\t\t\t<\/div>\n\t\t\t\t\t<\/div>\n\t\t<\/div>\n\t\t\t\t<div class=\"elementor-column elementor-col-33 elementor-top-column elementor-element elementor-element-e9be0f8\" data-id=\"e9be0f8\" data-element_type=\"column\">\n\t\t\t<div class=\"elementor-widget-wrap elementor-element-populated\">\n\t\t\t\t\t\t<div class=\"elementor-element elementor-element-681b547 elementor-widget elementor-widget-heading\" data-id=\"681b547\" data-element_type=\"widget\" data-widget_type=\"heading.default\">\n\t\t\t\t<div class=\"elementor-widget-container\">\n\t\t\t<h3 class=\"elementor-heading-title elementor-size-default\">El Arte del Liderazgo Participativo<\/h3>\t\t<\/div>\n\t\t\t\t<\/div>\n\t\t\t\t\t<\/div>\n\t\t<\/div>\n\t\t\t\t<div class=\"elementor-column elementor-col-33 elementor-top-column elementor-element elementor-element-391adec\" data-id=\"391adec\" data-element_type=\"column\">\n\t\t\t<div class=\"elementor-widget-wrap elementor-element-populated\">\n\t\t\t\t\t\t<div class=\"elementor-element elementor-element-26914dd elementor-widget elementor-widget-image\" data-id=\"26914dd\" data-element_type=\"widget\" data-widget_type=\"image.default\">\n\t\t\t\t<div class=\"elementor-widget-container\">\n\t\t\t\t\t\t\t\t\t\t\t\t\t<img decoding=\"async\" width=\"924\" height=\"438\" src=\"https:\/\/colabinternational.co.uk\/wp-content\/uploads\/2022\/07\/icons-29.png\" class=\"attachment-2048x2048 size-2048x2048 wp-image-4017\" alt=\"\" srcset=\"https:\/\/colabinternational.co.uk\/wp-content\/uploads\/2022\/07\/icons-29.png 924w, https:\/\/colabinternational.co.uk\/wp-content\/uploads\/2022\/07\/icons-29-300x142.png 300w, https:\/\/colabinternational.co.uk\/wp-content\/uploads\/2022\/07\/icons-29-768x364.png 768w\" sizes=\"(max-width: 924px) 100vw, 924px\" \/>\t\t\t\t\t\t\t\t\t\t\t\t\t<\/div>\n\t\t\t\t<\/div>\n\t\t\t\t\t<\/div>\n\t\t<\/div>\n\t\t\t\t\t<\/div>\n\t\t<\/section>\n\t\t\t\t<section class=\"elementor-section elementor-top-section elementor-element elementor-element-f42acd5 elementor-section-boxed elementor-section-height-default elementor-section-height-default\" data-id=\"f42acd5\" data-element_type=\"section\">\n\t\t\t\t\t\t<div class=\"elementor-container elementor-column-gap-default\">\n\t\t\t\t\t<div class=\"elementor-column elementor-col-100 elementor-top-column elementor-element elementor-element-0cedcb6\" data-id=\"0cedcb6\" data-element_type=\"column\">\n\t\t\t<div class=\"elementor-widget-wrap elementor-element-populated\">\n\t\t\t\t\t\t<div class=\"elementor-element elementor-element-6e8e333 elementor-widget elementor-widget-spacer\" data-id=\"6e8e333\" data-element_type=\"widget\" data-widget_type=\"spacer.default\">\n\t\t\t\t<div class=\"elementor-widget-container\">\n\t\t\t\t\t<div class=\"elementor-spacer\">\n\t\t\t<div class=\"elementor-spacer-inner\"><\/div>\n\t\t<\/div>\n\t\t\t\t<\/div>\n\t\t\t\t<\/div>\n\t\t\t\t<div class=\"elementor-element elementor-element-fd673d2 elementor-widget-divider--view-line elementor-widget elementor-widget-divider\" data-id=\"fd673d2\" data-element_type=\"widget\" data-widget_type=\"divider.default\">\n\t\t\t\t<div class=\"elementor-widget-container\">\n\t\t\t\t\t<div class=\"elementor-divider\">\n\t\t\t<span class=\"elementor-divider-separator\">\n\t\t\t\t\t\t<\/span>\n\t\t<\/div>\n\t\t\t\t<\/div>\n\t\t\t\t<\/div>\n\t\t\t\t<div class=\"elementor-element elementor-element-061b4d1 elementor-widget elementor-widget-spacer\" data-id=\"061b4d1\" data-element_type=\"widget\" data-widget_type=\"spacer.default\">\n\t\t\t\t<div class=\"elementor-widget-container\">\n\t\t\t\t\t<div class=\"elementor-spacer\">\n\t\t\t<div class=\"elementor-spacer-inner\"><\/div>\n\t\t<\/div>\n\t\t\t\t<\/div>\n\t\t\t\t<\/div>\n\t\t\t\t<div class=\"elementor-element elementor-element-bec7591 elementor-widget elementor-widget-spacer\" data-id=\"bec7591\" data-element_type=\"widget\" data-widget_type=\"spacer.default\">\n\t\t\t\t<div class=\"elementor-widget-container\">\n\t\t\t\t\t<div class=\"elementor-spacer\">\n\t\t\t<div class=\"elementor-spacer-inner\"><\/div>\n\t\t<\/div>\n\t\t\t\t<\/div>\n\t\t\t\t<\/div>\n\t\t\t\t<div class=\"elementor-element elementor-element-2e0282b elementor-widget elementor-widget-heading\" data-id=\"2e0282b\" data-element_type=\"widget\" data-widget_type=\"heading.default\">\n\t\t\t\t<div class=\"elementor-widget-container\">\n\t\t\t<h3 class=\"elementor-heading-title elementor-size-xxl\">\u00bfDe qu\u00e9 se trata?<\/h3>\t\t<\/div>\n\t\t\t\t<\/div>\n\t\t\t\t<div class=\"elementor-element elementor-element-b42260b elementor-widget elementor-widget-spacer\" data-id=\"b42260b\" data-element_type=\"widget\" data-widget_type=\"spacer.default\">\n\t\t\t\t<div class=\"elementor-widget-container\">\n\t\t\t\t\t<div class=\"elementor-spacer\">\n\t\t\t<div class=\"elementor-spacer-inner\"><\/div>\n\t\t<\/div>\n\t\t\t\t<\/div>\n\t\t\t\t<\/div>\n\t\t\t\t<section class=\"elementor-section elementor-inner-section elementor-element elementor-element-019dbba elementor-section-boxed elementor-section-height-default elementor-section-height-default\" data-id=\"019dbba\" data-element_type=\"section\">\n\t\t\t\t\t\t<div class=\"elementor-container elementor-column-gap-default\">\n\t\t\t\t\t<div class=\"elementor-column elementor-col-50 elementor-inner-column elementor-element elementor-element-a00ef5a\" data-id=\"a00ef5a\" data-element_type=\"column\">\n\t\t\t<div class=\"elementor-widget-wrap elementor-element-populated\">\n\t\t\t\t\t\t<div class=\"elementor-element elementor-element-ad6222c elementor-widget elementor-widget-image\" data-id=\"ad6222c\" data-element_type=\"widget\" data-widget_type=\"image.default\">\n\t\t\t\t<div class=\"elementor-widget-container\">\n\t\t\t\t\t\t\t\t\t\t\t\t\t<img decoding=\"async\" width=\"1024\" height=\"818\" src=\"https:\/\/colabinternational.co.uk\/wp-content\/uploads\/2022\/07\/Captura-de-Pantalla-2020-03-13-a-las-4.43.45-p.-m.-e1716866582259-1024x818.png\" class=\"attachment-large size-large wp-image-4012\" alt=\"\" srcset=\"https:\/\/colabinternational.co.uk\/wp-content\/uploads\/2022\/07\/Captura-de-Pantalla-2020-03-13-a-las-4.43.45-p.-m.-e1716866582259-1024x818.png 1024w, https:\/\/colabinternational.co.uk\/wp-content\/uploads\/2022\/07\/Captura-de-Pantalla-2020-03-13-a-las-4.43.45-p.-m.-e1716866582259-300x240.png 300w, https:\/\/colabinternational.co.uk\/wp-content\/uploads\/2022\/07\/Captura-de-Pantalla-2020-03-13-a-las-4.43.45-p.-m.-e1716866582259-768x614.png 768w, https:\/\/colabinternational.co.uk\/wp-content\/uploads\/2022\/07\/Captura-de-Pantalla-2020-03-13-a-las-4.43.45-p.-m.-e1716866582259-15x12.png 15w, https:\/\/colabinternational.co.uk\/wp-content\/uploads\/2022\/07\/Captura-de-Pantalla-2020-03-13-a-las-4.43.45-p.-m.-e1716866582259.png 1377w\" sizes=\"(max-width: 1024px) 100vw, 1024px\" \/>\t\t\t\t\t\t\t\t\t\t\t\t\t<\/div>\n\t\t\t\t<\/div>\n\t\t\t\t<div class=\"elementor-element elementor-element-4327ee5 elementor-widget elementor-widget-spacer\" data-id=\"4327ee5\" data-element_type=\"widget\" data-widget_type=\"spacer.default\">\n\t\t\t\t<div class=\"elementor-widget-container\">\n\t\t\t\t\t<div class=\"elementor-spacer\">\n\t\t\t<div class=\"elementor-spacer-inner\"><\/div>\n\t\t<\/div>\n\t\t\t\t<\/div>\n\t\t\t\t<\/div>\n\t\t\t\t<div class=\"elementor-element elementor-element-d4c5561 elementor-widget elementor-widget-image\" data-id=\"d4c5561\" data-element_type=\"widget\" data-widget_type=\"image.default\">\n\t\t\t\t<div class=\"elementor-widget-container\">\n\t\t\t\t\t\t\t\t\t\t\t\t\t<img loading=\"lazy\" decoding=\"async\" width=\"1024\" height=\"576\" src=\"https:\/\/colabinternational.co.uk\/wp-content\/uploads\/2022\/07\/Captura-de-Pantalla-2020-03-13-a-las-4.39.27-p.-m.-1024x576.png\" class=\"attachment-large size-large wp-image-4015\" alt=\"\" srcset=\"https:\/\/colabinternational.co.uk\/wp-content\/uploads\/2022\/07\/Captura-de-Pantalla-2020-03-13-a-las-4.39.27-p.-m.-1024x576.png 1024w, https:\/\/colabinternational.co.uk\/wp-content\/uploads\/2022\/07\/Captura-de-Pantalla-2020-03-13-a-las-4.39.27-p.-m.-300x169.png 300w, https:\/\/colabinternational.co.uk\/wp-content\/uploads\/2022\/07\/Captura-de-Pantalla-2020-03-13-a-las-4.39.27-p.-m.-768x432.png 768w, https:\/\/colabinternational.co.uk\/wp-content\/uploads\/2022\/07\/Captura-de-Pantalla-2020-03-13-a-las-4.39.27-p.-m.-1536x864.png 1536w, https:\/\/colabinternational.co.uk\/wp-content\/uploads\/2022\/07\/Captura-de-Pantalla-2020-03-13-a-las-4.39.27-p.-m.-2048x1152.png 2048w\" sizes=\"(max-width: 1024px) 100vw, 1024px\" \/>\t\t\t\t\t\t\t\t\t\t\t\t\t<\/div>\n\t\t\t\t<\/div>\n\t\t\t\t\t<\/div>\n\t\t<\/div>\n\t\t\t\t<div class=\"elementor-column elementor-col-50 elementor-inner-column elementor-element elementor-element-0c2d695\" data-id=\"0c2d695\" data-element_type=\"column\">\n\t\t\t<div class=\"elementor-widget-wrap elementor-element-populated\">\n\t\t\t\t\t\t<div class=\"elementor-element elementor-element-082d49b elementor-widget elementor-widget-text-editor\" data-id=\"082d49b\" data-element_type=\"widget\" data-widget_type=\"text-editor.default\">\n\t\t\t\t<div class=\"elementor-widget-container\">\n\t\t\t\t\t\t\t<p class=\"font_8\"><strong>El Arte del Liderazgo Participativo ofrece una mezcla de algunos de los m\u00e9todos m\u00e1s poderosos para crear una conversaci\u00f3n abierta y significativa.<\/strong><\/p><p class=\"font_8\"><strong>Partiendo de la base de que las personas dan su energ\u00eda y prestan sus recursos a lo que m\u00e1s les importa -en el trabajo como en la vida-, el Arte del Liderazgo Participativo invita a las personas a intervenir y hacerse cargo de los retos que se les plantean.<\/strong><br><strong>Los grupos, redes y organizaciones que utilizan el Arte del Liderazgo Participativo como pr\u00e1ctica de trabajo informan de una mejor toma de decisiones, un desarrollo de capacidades m\u00e1s eficiente y eficaz, una colaboraci\u00f3n real y una mayor capacidad para responder con rapidez a las oportunidades, los retos y los cambios.<\/strong><\/p><p class=\"font_8\"><strong>Para m\u00e1s informaci\u00f3n, visite <a href=\"https:\/\/colabinternational.co.uk\/es\/the-art-of-building-power-self-organisation\/\"><span style=\"color: #ff0000;\">www.artofhosting.org<\/span><\/a><\/strong><\/p>\t\t\t\t\t\t<\/div>\n\t\t\t\t<\/div>\n\t\t\t\t\t<\/div>\n\t\t<\/div>\n\t\t\t\t\t<\/div>\n\t\t<\/section>\n\t\t\t\t\t<\/div>\n\t\t<\/div>\n\t\t\t\t\t<\/div>\n\t\t<\/section>\n\t\t\t\t<section class=\"elementor-section elementor-top-section elementor-element elementor-element-6c23ac8 elementor-section-boxed elementor-section-height-default elementor-section-height-default\" data-id=\"6c23ac8\" data-element_type=\"section\">\n\t\t\t\t\t\t<div class=\"elementor-container elementor-column-gap-default\">\n\t\t\t\t\t<div class=\"elementor-column elementor-col-33 elementor-top-column elementor-element elementor-element-1aa93c8\" data-id=\"1aa93c8\" data-element_type=\"column\">\n\t\t\t<div class=\"elementor-widget-wrap\">\n\t\t\t\t\t\t\t<\/div>\n\t\t<\/div>\n\t\t\t\t<div class=\"elementor-column elementor-col-33 elementor-top-column elementor-element elementor-element-414eb66\" data-id=\"414eb66\" data-element_type=\"column\">\n\t\t\t<div class=\"elementor-widget-wrap elementor-element-populated\">\n\t\t\t\t\t\t<div class=\"elementor-element elementor-element-d2df9a7 elementor-align-center elementor-widget elementor-widget-button\" data-id=\"d2df9a7\" data-element_type=\"widget\" data-widget_type=\"button.default\">\n\t\t\t\t<div class=\"elementor-widget-container\">\n\t\t\t\t\t<div class=\"elementor-button-wrapper\">\n\t\t\t<a class=\"elementor-button elementor-button-link elementor-size-sm\" href=\"https:\/\/colabinternational.co.uk\/es\/bespoke-training-for-organisations\/\">\n\t\t\t\t\t\t<span class=\"elementor-button-content-wrapper\">\n\t\t\t\t\t\t\t\t\t<span class=\"elementor-button-text\">VOLVER<\/span>\n\t\t\t\t\t<\/span>\n\t\t\t\t\t<\/a>\n\t\t<\/div>\n\t\t\t\t<\/div>\n\t\t\t\t<\/div>\n\t\t\t\t\t<\/div>\n\t\t<\/div>\n\t\t\t\t<div class=\"elementor-column elementor-col-33 elementor-top-column elementor-element elementor-element-050dfcb\" data-id=\"050dfcb\" data-element_type=\"column\">\n\t\t\t<div class=\"elementor-widget-wrap\">\n\t\t\t\t\t\t\t<\/div>\n\t\t<\/div>\n\t\t\t\t\t<\/div>\n\t\t<\/section>\n\t\t\t\t<section class=\"elementor-section elementor-top-section elementor-element elementor-element-711351b elementor-section-boxed elementor-section-height-default elementor-section-height-default\" data-id=\"711351b\" data-element_type=\"section\">\n\t\t\t\t\t\t<div class=\"elementor-container elementor-column-gap-default\">\n\t\t\t\t\t<div class=\"elementor-column elementor-col-100 elementor-top-column elementor-element elementor-element-07a8947\" data-id=\"07a8947\" data-element_type=\"column\">\n\t\t\t<div class=\"elementor-widget-wrap elementor-element-populated\">\n\t\t\t\t\t\t<div class=\"elementor-element elementor-element-69277f4 elementor-widget elementor-widget-spacer\" data-id=\"69277f4\" data-element_type=\"widget\" data-widget_type=\"spacer.default\">\n\t\t\t\t<div class=\"elementor-widget-container\">\n\t\t\t\t\t<div class=\"elementor-spacer\">\n\t\t\t<div class=\"elementor-spacer-inner\"><\/div>\n\t\t<\/div>\n\t\t\t\t<\/div>\n\t\t\t\t<\/div>\n\t\t\t\t\t<\/div>\n\t\t<\/div>\n\t\t\t\t\t<\/div>\n\t\t<\/section>\n\t\t\t\t<\/div>","protected":false},"excerpt":{"rendered":"<p>The Art of Hosting and Havesting Conversations that Matter What is it about? The Art of Hosting offers a blend of some of the most powerful methods to create open and meaningful conversation. Based on the assumption that people give their energy and lend their resources to what matters most to them &#8211; in work [&hellip;]<\/p>","protected":false},"author":1,"featured_media":0,"parent":0,"menu_order":0,"comment_status":"closed","ping_status":"closed","template":"","meta":{"site-sidebar-layout":"no-sidebar","site-content-layout":"page-builder","ast-site-content-layout":"","site-content-style":"default","site-sidebar-style":"default","ast-global-header-display":"","ast-banner-title-visibility":"","ast-main-header-display":"","ast-hfb-above-header-display":"","ast-hfb-below-header-display":"","ast-hfb-mobile-header-display":"","site-post-title":"disabled","ast-breadcrumbs-content":"disabled","ast-featured-img":"disabled","footer-sml-layout":"","theme-transparent-header-meta":"enabled","adv-header-id-meta":"","stick-header-meta":"","header-above-stick-meta":"","header-main-stick-meta":"","header-below-stick-meta":"","astra-migrate-meta-layouts":"default","ast-page-background-enabled":"default","ast-page-background-meta":{"desktop":{"background-color":"","background-image":"","background-repeat":"repeat","background-position":"center center","background-size":"auto","background-attachment":"scroll","background-type":"","background-media":"","overlay-type":"","overlay-color":"","overlay-opacity":"","overlay-gradient":""},"tablet":{"background-color":"","background-image":"","background-repeat":"repeat","background-position":"center center","background-size":"auto","background-attachment":"scroll","background-type":"","background-media":"","overlay-type":"","overlay-color":"","overlay-opacity":"","overlay-gradient":""},"mobile":{"background-color":"","background-image":"","background-repeat":"repeat","background-position":"center center","background-size":"auto","background-attachment":"scroll","background-type":"","background-media":"","overlay-type":"","overlay-color":"","overlay-opacity":"","overlay-gradient":""}},"ast-content-background-meta":{"desktop":{"background-color":"var(--ast-global-color-5)","background-image":"","background-repeat":"repeat","background-position":"center center","background-size":"auto","background-attachment":"scroll","background-type":"","background-media":"","overlay-type":"","overlay-color":"","overlay-opacity":"","overlay-gradient":""},"tablet":{"background-color":"var(--ast-global-color-5)","background-image":"","background-repeat":"repeat","background-position":"center center","background-size":"auto","background-attachment":"scroll","background-type":"","background-media":"","overlay-type":"","overlay-color":"","overlay-opacity":"","overlay-gradient":""},"mobile":{"background-color":"var(--ast-global-color-5)","background-image":"","background-repeat":"repeat","background-position":"center center","background-size":"auto","background-attachment":"scroll","background-type":"","background-media":"","overlay-type":"","overlay-color":"","overlay-opacity":"","overlay-gradient":""}},"_ti_tpc_template_sync":false,"_ti_tpc_template_id":"","footnotes":""},"class_list":["post-5560","page","type-page","status-publish","hentry"],"_links":{"self":[{"href":"https:\/\/colabinternational.co.uk\/es\/wp-json\/wp\/v2\/pages\/5560","targetHints":{"allow":["GET"]}}],"collection":[{"href":"https:\/\/colabinternational.co.uk\/es\/wp-json\/wp\/v2\/pages"}],"about":[{"href":"https:\/\/colabinternational.co.uk\/es\/wp-json\/wp\/v2\/types\/page"}],"author":[{"embeddable":true,"href":"https:\/\/colabinternational.co.uk\/es\/wp-json\/wp\/v2\/users\/1"}],"replies":[{"embeddable":true,"href":"https:\/\/colabinternational.co.uk\/es\/wp-json\/wp\/v2\/comments?post=5560"}],"version-history":[{"count":0,"href":"https:\/\/colabinternational.co.uk\/es\/wp-json\/wp\/v2\/pages\/5560\/revisions"}],"wp:attachment":[{"href":"https:\/\/colabinternational.co.uk\/es\/wp-json\/wp\/v2\/media?parent=5560"}],"curies":[{"name":"wp","href":"https:\/\/api.w.org\/{rel}","templated":true}]}}