{"id":5391,"date":"2023-04-03T01:25:46","date_gmt":"2023-04-03T01:25:46","guid":{"rendered":"https:\/\/colabinternational.co.uk\/?page_id=5391"},"modified":"2023-04-03T01:38:02","modified_gmt":"2023-04-03T01:38:02","slug":"cookies","status":"publish","type":"page","link":"https:\/\/colabinternational.co.uk\/es\/cookies","title":{"rendered":"Cookies"},"content":{"rendered":"<div data-elementor-type=\"wp-page\" data-elementor-id=\"5391\" class=\"elementor elementor-5391\" data-elementor-post-type=\"page\">\n\t\t\t\t\t\t<section class=\"elementor-section elementor-top-section elementor-element elementor-element-44f99fe elementor-section-boxed elementor-section-height-default elementor-section-height-default\" data-id=\"44f99fe\" data-element_type=\"section\">\n\t\t\t\t\t\t<div class=\"elementor-container elementor-column-gap-no\">\n\t\t\t\t\t<div class=\"elementor-column elementor-col-100 elementor-top-column elementor-element elementor-element-4207888\" data-id=\"4207888\" data-element_type=\"column\">\n\t\t\t<div class=\"elementor-widget-wrap elementor-element-populated\">\n\t\t\t\t\t\t<div class=\"elementor-element elementor-element-b6c128f elementor-widget elementor-widget-heading\" data-id=\"b6c128f\" data-element_type=\"widget\" data-widget_type=\"heading.default\">\n\t\t\t\t<div class=\"elementor-widget-container\">\n\t\t\t<h2 class=\"elementor-heading-title elementor-size-default\">Cookies<\/h2>\t\t<\/div>\n\t\t\t\t<\/div>\n\t\t\t\t\t<\/div>\n\t\t<\/div>\n\t\t\t\t\t<\/div>\n\t\t<\/section>\n\t\t\t\t<section class=\"elementor-section elementor-top-section elementor-element elementor-element-wskquwa elementor-section-content-middle elementor-section-boxed elementor-section-height-default elementor-section-height-default\" data-id=\"wskquwa\" data-element_type=\"section\" data-settings=\"{&quot;background_background&quot;:&quot;classic&quot;}\">\n\t\t\t\t\t\t<div class=\"elementor-container elementor-column-gap-no\">\n\t\t\t\t\t<div class=\"elementor-column elementor-col-33 elementor-top-column elementor-element elementor-element-4d7ad86\" data-id=\"4d7ad86\" data-element_type=\"column\">\n\t\t\t<div class=\"elementor-widget-wrap\">\n\t\t\t\t\t\t\t<\/div>\n\t\t<\/div>\n\t\t\t\t<div class=\"elementor-column elementor-col-33 elementor-top-column elementor-element elementor-element-a2cdc45\" data-id=\"a2cdc45\" data-element_type=\"column\">\n\t\t\t<div class=\"elementor-widget-wrap elementor-element-populated\">\n\t\t\t\t\t\t<div class=\"elementor-element elementor-element-3140af8 elementor-widget elementor-widget-text-editor\" data-id=\"3140af8\" data-element_type=\"widget\" data-widget_type=\"text-editor.default\">\n\t\t\t\t<div class=\"elementor-widget-container\">\n\t\t\t\t\t\t\t<p><span style=\"font-weight: 400;\">Este sitio web utiliza cookies para mejorar la experiencia del usuario y garantizar un funcionamiento eficaz.<\/span><\/p><p><span style=\"font-weight: 400;\">Para poder ofrecerle un servicio m\u00e1s personalizado, necesitamos recordar y almacenar informaci\u00f3n sobre c\u00f3mo utiliza este sitio web. Para ello utilizamos unos peque\u00f1os archivos de texto llamados cookies. Las cookies contienen peque\u00f1as cantidades de informaci\u00f3n y son descargadas a su ordenador u otro dispositivo por un servidor de este sitio web. Su navegador env\u00eda estas cookies a este sitio web en cada visita posterior para que pueda reconocerle y recordar cosas como sus preferencias de usuario. Encontrar\u00e1 informaci\u00f3n m\u00e1s detallada sobre las cookies y su funcionamiento en http:\/\/www.aboutcookies.org\/.<\/span><\/p><p><span style=\"font-weight: 400;\">Siempre que utilice este sitio web, es posible que se recopile informaci\u00f3n mediante el uso de cookies y otras tecnolog\u00edas. Al utilizar este sitio web, usted acepta el uso que hacemos de las cookies, tal como se describe en el presente Aviso sobre cookies.<\/span><\/p>\t\t\t\t\t\t<\/div>\n\t\t\t\t<\/div>\n\t\t\t\t\t<\/div>\n\t\t<\/div>\n\t\t\t\t<div class=\"elementor-column elementor-col-33 elementor-top-column elementor-element elementor-element-03a6bc5\" data-id=\"03a6bc5\" data-element_type=\"column\">\n\t\t\t<div class=\"elementor-widget-wrap\">\n\t\t\t\t\t\t\t<\/div>\n\t\t<\/div>\n\t\t\t\t\t<\/div>\n\t\t<\/section>\n\t\t\t\t<section class=\"elementor-section elementor-top-section elementor-element elementor-element-lneyysw elementor-reverse-mobile elementor-section-boxed elementor-section-height-default elementor-section-height-default\" data-id=\"lneyysw\" data-element_type=\"section\" data-settings=\"{&quot;background_background&quot;:&quot;classic&quot;}\">\n\t\t\t\t\t\t\t<div class=\"elementor-background-overlay\"><\/div>\n\t\t\t\t\t\t\t<div class=\"elementor-container elementor-column-gap-default\">\n\t\t\t\t\t<div class=\"elementor-column elementor-col-33 elementor-top-column elementor-element elementor-element-6add201\" data-id=\"6add201\" data-element_type=\"column\" data-settings=\"{&quot;background_background&quot;:&quot;classic&quot;}\">\n\t\t\t<div class=\"elementor-widget-wrap\">\n\t\t\t\t\t\t\t<\/div>\n\t\t<\/div>\n\t\t\t\t<div class=\"elementor-column elementor-col-33 elementor-top-column elementor-element elementor-element-a7170cb\" data-id=\"a7170cb\" data-element_type=\"column\">\n\t\t\t<div class=\"elementor-widget-wrap elementor-element-populated\">\n\t\t\t\t\t\t<div class=\"elementor-element elementor-element-2d08796 elementor-widget elementor-widget-text-editor\" data-id=\"2d08796\" data-element_type=\"widget\" data-widget_type=\"text-editor.default\">\n\t\t\t\t<div class=\"elementor-widget-container\">\n\t\t\t\t\t\t\t<p style=\"text-align: center;\">\u00bfQu\u00e9 cookies utilizamos y por qu\u00e9?<\/p>\t\t\t\t\t\t<\/div>\n\t\t\t\t<\/div>\n\t\t\t\t<div class=\"elementor-element elementor-element-820708b elementor-widget elementor-widget-text-editor\" data-id=\"820708b\" data-element_type=\"widget\" data-widget_type=\"text-editor.default\">\n\t\t\t\t<div class=\"elementor-widget-container\">\n\t\t\t\t\t\t\t<p><span style=\"font-weight: 400;\">Utilizamos servicios anal\u00edticos que nos ayudan a comprender la eficacia de nuestros contenidos, los intereses de nuestros usuarios y a mejorar el funcionamiento de este sitio web. Esta informaci\u00f3n se utiliza con fines estad\u00edsticos y para mejorar el servicio, y no es nuestra intenci\u00f3n utilizar dicha informaci\u00f3n para identificar personalmente a ning\u00fan usuario. La informaci\u00f3n sobre c\u00f3mo puede controlar estas cookies anal\u00edticas se expone m\u00e1s adelante, en Gesti\u00f3n de cookies anal\u00edticas.<\/span><\/p><p><span style=\"font-weight: 400;\">Utilizamos una cookie funcional que se almacena una vez que usted cierra nuestro mensaje de Aviso de Cookies que impide que el mensaje se muestre de nuevo.<\/span><\/p>\t\t\t\t\t\t<\/div>\n\t\t\t\t<\/div>\n\t\t\t\t<div class=\"elementor-element elementor-element-08b00ff elementor-widget elementor-widget-text-editor\" data-id=\"08b00ff\" data-element_type=\"widget\" data-widget_type=\"text-editor.default\">\n\t\t\t\t<div class=\"elementor-widget-container\">\n\t\t\t\t\t\t\t<p style=\"text-align: center;\">C\u00f3mo controlar las cookies<\/p>\t\t\t\t\t\t<\/div>\n\t\t\t\t<\/div>\n\t\t\t\t<div class=\"elementor-element elementor-element-0c6cca0 elementor-widget elementor-widget-text-editor\" data-id=\"0c6cca0\" data-element_type=\"widget\" data-widget_type=\"text-editor.default\">\n\t\t\t\t<div class=\"elementor-widget-container\">\n\t\t\t\t\t\t\t<p><span style=\"font-weight: 400;\">Al utilizar este sitio web, usted acepta que podamos colocar cookies en su ordenador o dispositivo, tal como se ha explicado anteriormente. Sin embargo, usted puede controlar y gestionar las cookies de varias maneras. Tenga en cuenta que eliminar o bloquear las cookies puede afectar a su experiencia de usuario.<\/span><\/p><p><span style=\"font-weight: 400;\">Para obtener m\u00e1s informaci\u00f3n sobre c\u00f3mo modificar la configuraci\u00f3n de su navegador para bloquear o filtrar las cookies, consulte http:\/\/www.aboutcookies.org\/ o http:\/\/www.cookiecentral.com\/faq\/.<\/span><\/p>\t\t\t\t\t\t<\/div>\n\t\t\t\t<\/div>\n\t\t\t\t<div class=\"elementor-element elementor-element-24a8944 elementor-widget elementor-widget-text-editor\" data-id=\"24a8944\" data-element_type=\"widget\" data-widget_type=\"text-editor.default\">\n\t\t\t\t<div class=\"elementor-widget-container\">\n\t\t\t\t\t\t\t<p style=\"text-align: center;\">Gesti\u00f3n de cookies anal\u00edticas<\/p>\t\t\t\t\t\t<\/div>\n\t\t\t\t<\/div>\n\t\t\t\t<div class=\"elementor-element elementor-element-0342e49 elementor-widget elementor-widget-text-editor\" data-id=\"0342e49\" data-element_type=\"widget\" data-widget_type=\"text-editor.default\">\n\t\t\t\t<div class=\"elementor-widget-container\">\n\t\t\t\t\t\t\t<p><span style=\"font-weight: 400;\">Puede optar por que las cookies anal\u00edticas no registren su actividad de navegaci\u00f3n an\u00f3nima en los sitios web. Utilizamos los siguientes proveedores de servicios y puede obtener m\u00e1s informaci\u00f3n sobre sus pol\u00edticas de privacidad y sobre c\u00f3mo rechazar sus cookies haciendo clic en los siguientes enlaces:<\/span><\/p>\n<p><span style=\"font-weight: 400;\">Google Analytics: http:\/\/www.google.com\/analytics\/learn\/privacy.html<\/span><\/p>\t\t\t\t\t\t<\/div>\n\t\t\t\t<\/div>\n\t\t\t\t<div class=\"elementor-element elementor-element-79b4b2d elementor-widget elementor-widget-text-editor\" data-id=\"79b4b2d\" data-element_type=\"widget\" data-widget_type=\"text-editor.default\">\n\t\t\t\t<div class=\"elementor-widget-container\">\n\t\t\t\t\t\t\t<p style=\"text-align: center;\">Botones sociales<\/p>\t\t\t\t\t\t<\/div>\n\t\t\t\t<\/div>\n\t\t\t\t<div class=\"elementor-element elementor-element-dde6e18 elementor-widget elementor-widget-text-editor\" data-id=\"dde6e18\" data-element_type=\"widget\" data-widget_type=\"text-editor.default\">\n\t\t\t\t<div class=\"elementor-widget-container\">\n\t\t\t\t\t\t\t<p><span style=\"font-weight: 400;\">Utilizamos \"botones sociales\" para que nuestros usuarios puedan compartir p\u00e1ginas web. Se trata de botones de redes sociales de terceros. A trav\u00e9s de estos botones sociales, estos sitios pueden proporcionar informaci\u00f3n no personal sobre usted, como informaci\u00f3n de registro sobre sus actividades en Internet, incluido este sitio web. Por favor, revise las respectivas condiciones de uso y pol\u00edticas de privacidad de estos sitios para entender exactamente c\u00f3mo utilizan su informaci\u00f3n y para averiguar c\u00f3mo excluir, o eliminar, dicha informaci\u00f3n.<\/span><\/p>\t\t\t\t\t\t<\/div>\n\t\t\t\t<\/div>\n\t\t\t\t<div class=\"elementor-element elementor-element-c83e230 elementor-widget elementor-widget-text-editor\" data-id=\"c83e230\" data-element_type=\"widget\" data-widget_type=\"text-editor.default\">\n\t\t\t\t<div class=\"elementor-widget-container\">\n\t\t\t\t\t\t\t<p style=\"text-align: center;\">Servicios web externos<\/p>\t\t\t\t\t\t<\/div>\n\t\t\t\t<\/div>\n\t\t\t\t<div class=\"elementor-element elementor-element-999e029 elementor-widget elementor-widget-text-editor\" data-id=\"999e029\" data-element_type=\"widget\" data-widget_type=\"text-editor.default\">\n\t\t\t\t<div class=\"elementor-widget-container\">\n\t\t\t\t\t\t\t<p><span style=\"font-weight: 400;\">A veces utilizamos servicios web externos en este sitio web para mostrar contenidos dentro de las p\u00e1ginas web de este sitio web, por ejemplo, para mostrar im\u00e1genes, mostrar v\u00eddeos o realizar encuestas. Al igual que ocurre con los botones sociales, no podemos evitar que estos sitios, o dominios externos, recopilen informaci\u00f3n sobre el uso que usted hace de este contenido incrustado.<\/span><\/p><p><span style=\"font-weight: 400;\">Podemos modificar o enmendar este Aviso de Cookies de vez en cuando. Cuando realicemos cambios en este aviso, modificaremos la fecha de revisi\u00f3n en la parte superior de esta p\u00e1gina, y el Aviso sobre cookies modificado o enmendado entrar\u00e1 en vigor para usted y su informaci\u00f3n a partir de dicha fecha de revisi\u00f3n. Le recomendamos que revise peri\u00f3dicamente este Aviso sobre cookies para estar informado sobre c\u00f3mo utilizamos las cookies.<\/span><\/p>\t\t\t\t\t\t<\/div>\n\t\t\t\t<\/div>\n\t\t\t\t<section class=\"elementor-section elementor-inner-section elementor-element elementor-element-5c80fa3 elementor-section-boxed elementor-section-height-default elementor-section-height-default\" data-id=\"5c80fa3\" data-element_type=\"section\">\n\t\t\t\t\t\t<div class=\"elementor-container elementor-column-gap-default\">\n\t\t\t\t\t<div class=\"elementor-column elementor-col-33 elementor-inner-column elementor-element elementor-element-55c9771\" data-id=\"55c9771\" data-element_type=\"column\">\n\t\t\t<div class=\"elementor-widget-wrap\">\n\t\t\t\t\t\t\t<\/div>\n\t\t<\/div>\n\t\t\t\t<div class=\"elementor-column elementor-col-33 elementor-inner-column elementor-element elementor-element-13b78a3\" data-id=\"13b78a3\" data-element_type=\"column\">\n\t\t\t<div class=\"elementor-widget-wrap elementor-element-populated\">\n\t\t\t\t\t\t<div class=\"elementor-element elementor-element-8278178 elementor-align-center elementor-widget elementor-widget-button\" data-id=\"8278178\" data-element_type=\"widget\" data-widget_type=\"button.default\">\n\t\t\t\t<div class=\"elementor-widget-container\">\n\t\t\t\t\t<div class=\"elementor-button-wrapper\">\n\t\t\t<a class=\"elementor-button elementor-button-link elementor-size-sm\" href=\"https:\/\/colabinternational.co.uk\/es\/privacy-policy\/\">\n\t\t\t\t\t\t<span class=\"elementor-button-content-wrapper\">\n\t\t\t\t\t\t\t\t\t<span class=\"elementor-button-text\">VOLVER<\/span>\n\t\t\t\t\t<\/span>\n\t\t\t\t\t<\/a>\n\t\t<\/div>\n\t\t\t\t<\/div>\n\t\t\t\t<\/div>\n\t\t\t\t\t<\/div>\n\t\t<\/div>\n\t\t\t\t<div class=\"elementor-column elementor-col-33 elementor-inner-column elementor-element elementor-element-62a5326\" data-id=\"62a5326\" data-element_type=\"column\">\n\t\t\t<div class=\"elementor-widget-wrap\">\n\t\t\t\t\t\t\t<\/div>\n\t\t<\/div>\n\t\t\t\t\t<\/div>\n\t\t<\/section>\n\t\t\t\t\t<\/div>\n\t\t<\/div>\n\t\t\t\t<div class=\"elementor-column elementor-col-33 elementor-top-column elementor-element elementor-element-0ae65ec\" data-id=\"0ae65ec\" data-element_type=\"column\" data-settings=\"{&quot;background_background&quot;:&quot;classic&quot;}\">\n\t\t\t<div class=\"elementor-widget-wrap\">\n\t\t\t\t\t\t\t<\/div>\n\t\t<\/div>\n\t\t\t\t\t<\/div>\n\t\t<\/section>\n\t\t\t\t<\/div>","protected":false},"excerpt":{"rendered":"<p>Cookies This website uses cookies to improve user experience and ensure that it is functioning effectively. In order to provide you with a more personalised service we need to remember and store information about how you use this website. This is done using small text files called cookies. Cookies contain small amounts of information and [&hellip;]<\/p>","protected":false},"author":1,"featured_media":0,"parent":0,"menu_order":0,"comment_status":"closed","ping_status":"closed","template":"","meta":{"site-sidebar-layout":"no-sidebar","site-content-layout":"page-builder","ast-site-content-layout":"","site-content-style":"default","site-sidebar-style":"default","ast-global-header-display":"","ast-banner-title-visibility":"","ast-main-header-display":"","ast-hfb-above-header-display":"","ast-hfb-below-header-display":"","ast-hfb-mobile-header-display":"","site-post-title":"disabled","ast-breadcrumbs-content":"disabled","ast-featured-img":"disabled","footer-sml-layout":"","theme-transparent-header-meta":"enabled","adv-header-id-meta":"","stick-header-meta":"","header-above-stick-meta":"","header-main-stick-meta":"","header-below-stick-meta":"","astra-migrate-meta-layouts":"default","ast-page-background-enabled":"default","ast-page-background-meta":{"desktop":{"background-color":"","background-image":"","background-repeat":"repeat","background-position":"center center","background-size":"auto","background-attachment":"scroll","background-type":"","background-media":"","overlay-type":"","overlay-color":"","overlay-opacity":"","overlay-gradient":""},"tablet":{"background-color":"","background-image":"","background-repeat":"repeat","background-position":"center center","background-size":"auto","background-attachment":"scroll","background-type":"","background-media":"","overlay-type":"","overlay-color":"","overlay-opacity":"","overlay-gradient":""},"mobile":{"background-color":"","background-image":"","background-repeat":"repeat","background-position":"center center","background-size":"auto","background-attachment":"scroll","background-type":"","background-media":"","overlay-type":"","overlay-color":"","overlay-opacity":"","overlay-gradient":""}},"ast-content-background-meta":{"desktop":{"background-color":"var(--ast-global-color-5)","background-image":"","background-repeat":"repeat","background-position":"center center","background-size":"auto","background-attachment":"scroll","background-type":"","background-media":"","overlay-type":"","overlay-color":"","overlay-opacity":"","overlay-gradient":""},"tablet":{"background-color":"var(--ast-global-color-5)","background-image":"","background-repeat":"repeat","background-position":"center center","background-size":"auto","background-attachment":"scroll","background-type":"","background-media":"","overlay-type":"","overlay-color":"","overlay-opacity":"","overlay-gradient":""},"mobile":{"background-color":"var(--ast-global-color-5)","background-image":"","background-repeat":"repeat","background-position":"center center","background-size":"auto","background-attachment":"scroll","background-type":"","background-media":"","overlay-type":"","overlay-color":"","overlay-opacity":"","overlay-gradient":""}},"_ti_tpc_template_sync":false,"_ti_tpc_template_id":"","footnotes":""},"class_list":["post-5391","page","type-page","status-publish","hentry"],"_links":{"self":[{"href":"https:\/\/colabinternational.co.uk\/es\/wp-json\/wp\/v2\/pages\/5391","targetHints":{"allow":["GET"]}}],"collection":[{"href":"https:\/\/colabinternational.co.uk\/es\/wp-json\/wp\/v2\/pages"}],"about":[{"href":"https:\/\/colabinternational.co.uk\/es\/wp-json\/wp\/v2\/types\/page"}],"author":[{"embeddable":true,"href":"https:\/\/colabinternational.co.uk\/es\/wp-json\/wp\/v2\/users\/1"}],"replies":[{"embeddable":true,"href":"https:\/\/colabinternational.co.uk\/es\/wp-json\/wp\/v2\/comments?post=5391"}],"version-history":[{"count":0,"href":"https:\/\/colabinternational.co.uk\/es\/wp-json\/wp\/v2\/pages\/5391\/revisions"}],"wp:attachment":[{"href":"https:\/\/colabinternational.co.uk\/es\/wp-json\/wp\/v2\/media?parent=5391"}],"curies":[{"name":"wp","href":"https:\/\/api.w.org\/{rel}","templated":true}]}}