{"id":4113,"date":"2022-07-21T20:30:27","date_gmt":"2022-07-21T20:30:27","guid":{"rendered":"https:\/\/colabinternational.co.uk\/?page_id=4113"},"modified":"2024-01-17T15:41:16","modified_gmt":"2024-01-17T15:41:16","slug":"methods-practices","status":"publish","type":"page","link":"https:\/\/colabinternational.co.uk\/es\/methods-practices","title":{"rendered":"Methods &#038; Practices"},"content":{"rendered":"<div data-elementor-type=\"wp-page\" data-elementor-id=\"4113\" class=\"elementor elementor-4113\" data-elementor-post-type=\"page\">\n\t\t\t\t\t\t<section class=\"elementor-section elementor-top-section elementor-element elementor-element-371e341 elementor-section-height-min-height elementor-section-items-bottom elementor-section-boxed elementor-section-height-default\" data-id=\"371e341\" data-element_type=\"section\" data-settings=\"{&quot;background_background&quot;:&quot;classic&quot;}\">\n\t\t\t\t\t\t\t<div class=\"elementor-background-overlay\"><\/div>\n\t\t\t\t\t\t\t<div class=\"elementor-container elementor-column-gap-no\">\n\t\t\t\t\t<div class=\"elementor-column elementor-col-100 elementor-top-column elementor-element elementor-element-18962ee\" data-id=\"18962ee\" data-element_type=\"column\">\n\t\t\t<div class=\"elementor-widget-wrap elementor-element-populated\">\n\t\t\t\t\t\t<div class=\"elementor-element elementor-element-f0b4f32 elementor-widget elementor-widget-image\" data-id=\"f0b4f32\" data-element_type=\"widget\" data-widget_type=\"image.default\">\n\t\t\t\t<div class=\"elementor-widget-container\">\n\t\t\t\t\t\t\t\t\t\t\t\t\t<img decoding=\"async\" src=\"https:\/\/colabinternational.co.uk\/wp-content\/uploads\/2022\/07\/approach-32.png\" title=\"approach-32\" alt=\"approach-32\" loading=\"lazy\" \/>\t\t\t\t\t\t\t\t\t\t\t\t\t<\/div>\n\t\t\t\t<\/div>\n\t\t\t\t<div class=\"elementor-element elementor-element-dd05f4e elementor-widget elementor-widget-heading\" data-id=\"dd05f4e\" data-element_type=\"widget\" data-widget_type=\"heading.default\">\n\t\t\t\t<div class=\"elementor-widget-container\">\n\t\t\t<h3 class=\"elementor-heading-title elementor-size-xl\">M\u00e9todos y pr\u00e1cticas<\/h3>\t\t<\/div>\n\t\t\t\t<\/div>\n\t\t\t\t<div class=\"elementor-element elementor-element-efdd273 elementor-widget elementor-widget-image\" data-id=\"efdd273\" data-element_type=\"widget\" data-widget_type=\"image.default\">\n\t\t\t\t<div class=\"elementor-widget-container\">\n\t\t\t\t\t\t\t\t\t\t\t\t\t<img fetchpriority=\"high\" decoding=\"async\" width=\"924\" height=\"438\" src=\"https:\/\/colabinternational.co.uk\/wp-content\/uploads\/2022\/07\/approach-33.png\" class=\"attachment-full size-full wp-image-4116\" alt=\"\" srcset=\"https:\/\/colabinternational.co.uk\/wp-content\/uploads\/2022\/07\/approach-33.png 924w, https:\/\/colabinternational.co.uk\/wp-content\/uploads\/2022\/07\/approach-33-300x142.png 300w, https:\/\/colabinternational.co.uk\/wp-content\/uploads\/2022\/07\/approach-33-768x364.png 768w\" sizes=\"(max-width: 924px) 100vw, 924px\" \/>\t\t\t\t\t\t\t\t\t\t\t\t\t<\/div>\n\t\t\t\t<\/div>\n\t\t\t\t\t<\/div>\n\t\t<\/div>\n\t\t\t\t\t<\/div>\n\t\t<\/section>\n\t\t\t\t<section class=\"elementor-section elementor-top-section elementor-element elementor-element-c2cba49 elementor-section-height-min-height elementor-section-boxed elementor-section-height-default elementor-section-items-middle\" data-id=\"c2cba49\" data-element_type=\"section\" data-settings=\"{&quot;background_background&quot;:&quot;classic&quot;}\">\n\t\t\t\t\t\t<div class=\"elementor-container elementor-column-gap-default\">\n\t\t\t\t\t<div class=\"elementor-column elementor-col-100 elementor-top-column elementor-element elementor-element-13c6c428\" data-id=\"13c6c428\" data-element_type=\"column\">\n\t\t\t<div class=\"elementor-widget-wrap elementor-element-populated\">\n\t\t\t\t\t\t<section class=\"elementor-section elementor-inner-section elementor-element elementor-element-62f5d69a elementor-section-height-min-height animated-slow elementor-section-boxed elementor-section-height-default elementor-invisible\" data-id=\"62f5d69a\" data-element_type=\"section\" data-settings=\"{&quot;animation&quot;:&quot;fadeIn&quot;}\">\n\t\t\t\t\t\t<div class=\"elementor-container elementor-column-gap-wide\">\n\t\t\t\t\t<div class=\"elementor-column elementor-col-50 elementor-inner-column elementor-element elementor-element-11734d24\" data-id=\"11734d24\" data-element_type=\"column\">\n\t\t\t<div class=\"elementor-widget-wrap elementor-element-populated\">\n\t\t\t\t\t\t<div class=\"elementor-element elementor-element-5df8fa48 elementor-position-left elementor-vertical-align-middle envato-kit-140-imagebox-nospace elementor-widget elementor-widget-image-box\" data-id=\"5df8fa48\" data-element_type=\"widget\" data-widget_type=\"image-box.default\">\n\t\t\t\t<div class=\"elementor-widget-container\">\n\t\t\t<div class=\"elementor-image-box-wrapper\"><figure class=\"elementor-image-box-img\"><a href=\"https:\/\/colabinternational.co.uk\/es\/open-space-technology\/\" tabindex=\"-1\"><img decoding=\"async\" src=\"https:\/\/colabinternational.co.uk\/wp-content\/uploads\/elementor\/thumbs\/6F08ADBC-9494-4180-853B-5F104771F5AC-q9kena07elc5li3e8a77iiyp0zfpb81pjy3c33wtyw.jpg\" title=\"6F08ADBC-9494-4180-853B-5F104771F5AC\" alt=\"6F08ADBC-9494-4180-853B-5F104771F5AC\" class=\"elementor-animation-bob\" loading=\"lazy\" \/><\/a><\/figure><div class=\"elementor-image-box-content\"><div class=\"elementor-image-box-title\"><a href=\"https:\/\/colabinternational.co.uk\/es\/open-space-technology\/\">Tecnolog\u00eda de Espacio Abierto<\/a><\/div><p class=\"elementor-image-box-description\">En las reuniones de Espacio Abierto la gente puede crear tiempo y espacio para comprometerse profunda y creativamente en torno a temas que les preocupan, el orden del d\u00eda lo crean los participantes y los resultados son un esfuerzo colectivo nacido de la pasi\u00f3n y la responsabilidad de los participantes.<\/p><\/div><\/div>\t\t<\/div>\n\t\t\t\t<\/div>\n\t\t\t\t<div class=\"elementor-element elementor-element-194e01e elementor-position-left elementor-vertical-align-middle envato-kit-140-imagebox-nospace elementor-widget elementor-widget-image-box\" data-id=\"194e01e\" data-element_type=\"widget\" data-widget_type=\"image-box.default\">\n\t\t\t\t<div class=\"elementor-widget-container\">\n\t\t\t<div class=\"elementor-image-box-wrapper\"><figure class=\"elementor-image-box-img\"><a href=\"https:\/\/colabinternational.co.uk\/es\/pro-action-cafe\/\" tabindex=\"-1\"><img decoding=\"async\" src=\"https:\/\/colabinternational.co.uk\/wp-content\/uploads\/elementor\/thumbs\/19_orig-1-e1658437934218-q9ke9r3t2etmjhqn7fqgmxtxbe3kk0cr105thryri0.jpg\" title=\"19_orig\" alt=\"19_orig\" class=\"elementor-animation-bob\" loading=\"lazy\" \/><\/a><\/figure><div class=\"elementor-image-box-content\"><div class=\"elementor-image-box-title\"><a href=\"https:\/\/colabinternational.co.uk\/es\/pro-action-cafe\/\">Caf\u00e9 Pro- Acci\u00f3n<\/a><\/div><p class=\"elementor-image-box-description\">Se trata de una metodolog\u00eda innovadora y sencilla para mantener conversaciones sobre cuestiones y proyectos importantes para las personas que asisten a ellas. Estas conversaciones se enlazan y ampl\u00edan mutuamente a medida que las personas se mueven entre los grupos, intercambian ideas y descubren nuevos puntos de vista sobre las cuestiones o problemas m\u00e1s importantes de su vida, su trabajo o su comunidad. Este proceso ayuda a los participantes a pasar de explorar la b\u00fasqueda a descubrir lo que falta y decidir lo que sigue.<\/p><\/div><\/div>\t\t<\/div>\n\t\t\t\t<\/div>\n\t\t\t\t<div class=\"elementor-element elementor-element-b9d15b9 elementor-position-left elementor-vertical-align-middle envato-kit-140-imagebox-nospace elementor-widget elementor-widget-image-box\" data-id=\"b9d15b9\" data-element_type=\"widget\" data-widget_type=\"image-box.default\">\n\t\t\t\t<div class=\"elementor-widget-container\">\n\t\t\t<div class=\"elementor-image-box-wrapper\"><figure class=\"elementor-image-box-img\"><a href=\"https:\/\/colabinternational.co.uk\/es\/collective-story-harvest\/\" tabindex=\"-1\"><img decoding=\"async\" src=\"https:\/\/colabinternational.co.uk\/wp-content\/uploads\/elementor\/thumbs\/IMG_7942-scaled-q9kendrk5xhavxxxmbtpsi0jeix660gmwgpa07r9a0.jpeg\" title=\"IMG_7942\" alt=\"IMG_7942\" class=\"elementor-animation-bob\" loading=\"lazy\" \/><\/a><\/figure><div class=\"elementor-image-box-content\"><div class=\"elementor-image-box-title\"><a href=\"https:\/\/colabinternational.co.uk\/es\/collective-story-harvest\/\">Cosecha colectiva de historias<\/a><\/div><p class=\"elementor-image-box-description\">Es un proceso de narraci\u00f3n de historias para desvelar m\u00faltiples aspectos, facetas y percepciones ocultas profundamente en las experiencias de personas, comunidades, equipos u organizaciones. Este proceso ayuda a encontrar temas comunes en las historias de un \u00e1mbito concreto, lo que facilita la extracci\u00f3n de los conocimientos y el aprendizaje presentes en nuestras historias para que podamos ponerlos en pr\u00e1ctica, al tiempo que se agudiza la capacidad de escucha de los participantes y se establecen conexiones profundas.<\/p><\/div><\/div>\t\t<\/div>\n\t\t\t\t<\/div>\n\t\t\t\t<div class=\"elementor-element elementor-element-adaa0e8 elementor-position-left elementor-vertical-align-middle envato-kit-140-imagebox-nospace elementor-widget elementor-widget-image-box\" data-id=\"adaa0e8\" data-element_type=\"widget\" data-widget_type=\"image-box.default\">\n\t\t\t\t<div class=\"elementor-widget-container\">\n\t\t\t<div class=\"elementor-image-box-wrapper\"><figure class=\"elementor-image-box-img\"><a href=\"https:\/\/colabinternational.co.uk\/es\/appreciative-inquiry\/\" tabindex=\"-1\"><img decoding=\"async\" src=\"https:\/\/colabinternational.co.uk\/wp-content\/uploads\/elementor\/thumbs\/LondonOct2019training-36-scaled-q9keckmdkiolddn6qnm6487ph077nbjreym9bns8u0.jpg\" title=\"LondonOct2019training-36\" alt=\"LondonOct2019training-36\" class=\"elementor-animation-bob\" loading=\"lazy\" \/><\/a><\/figure><div class=\"elementor-image-box-content\"><div class=\"elementor-image-box-title\"><a href=\"https:\/\/colabinternational.co.uk\/es\/appreciative-inquiry\/\">Indagaci\u00f3n Apreciativa <\/a><\/div><p class=\"elementor-image-box-description\">\u00datil cuando se necesita una perspectiva diferente o cuando se desea iniciar un nuevo proceso desde un punto de vista fresco y positivo. Puede ayudar a desplazar a un grupo atascado en \"lo que es\" hacia \"lo que podr\u00eda ser\". La Indagaci\u00f3n Apreciativa puede utilizarse con individuos, socios, peque\u00f1os grupos o grandes organizaciones.<\/p><\/div><\/div>\t\t<\/div>\n\t\t\t\t<\/div>\n\t\t\t\t<div class=\"elementor-element elementor-element-61b7896 elementor-position-left elementor-vertical-align-middle envato-kit-140-imagebox-nospace elementor-widget elementor-widget-image-box\" data-id=\"61b7896\" data-element_type=\"widget\" data-widget_type=\"image-box.default\">\n\t\t\t\t<div class=\"elementor-widget-container\">\n\t\t\t<div class=\"elementor-image-box-wrapper\"><figure class=\"elementor-image-box-img\"><a href=\"https:\/\/colabinternational.co.uk\/es\/design-lab\/\" tabindex=\"-1\"><img decoding=\"async\" src=\"https:\/\/colabinternational.co.uk\/wp-content\/uploads\/elementor\/thumbs\/Captura-de-Pantalla-2020-03-13-a-las-11.36.37-a.-m.-1-q9keaspcns93fw813vzjeocd2sy93wi0i698ouf0l4.png\" title=\"Captura de Pantalla 2020-03-13 a la(s) 11.36.37 a. m.\" alt=\"Captura de Pantalla 2020-03-13 a la(s) 11.36.37 a. m.\" class=\"elementor-animation-bob\" loading=\"lazy\" \/><\/a><\/figure><div class=\"elementor-image-box-content\"><div class=\"elementor-image-box-title\"><a href=\"https:\/\/colabinternational.co.uk\/es\/design-lab\/\">Laboratorio para  el Dise\u00f1o de Proyectos<\/a><\/div><p class=\"elementor-image-box-description\">Un proceso creado para dar a los participantes la oportunidad de pedir ayuda y al resto de nosotros la oportunidad de practicar tanto el dise\u00f1o de procesos\/proyectos como la generosidad. El Laboratorio de Dise\u00f1o demuestra el poder de la co-creaci\u00f3n a trav\u00e9s de la diversidad de perspectivas y el trabajo desde la base de un prop\u00f3sito claro, ayudando a que los proyectos se hagan tangibles a trav\u00e9s de la acci\u00f3n sabia.<\/p><\/div><\/div>\t\t<\/div>\n\t\t\t\t<\/div>\n\t\t\t\t<div class=\"elementor-element elementor-element-692bc54 elementor-position-left elementor-vertical-align-middle envato-kit-140-imagebox-nospace elementor-widget elementor-widget-image-box\" data-id=\"692bc54\" data-element_type=\"widget\" data-widget_type=\"image-box.default\">\n\t\t\t\t<div class=\"elementor-widget-container\">\n\t\t\t<div class=\"elementor-image-box-wrapper\"><figure class=\"elementor-image-box-img\"><a href=\"https:\/\/colabinternational.co.uk\/es\/open-fishbowl\/\" tabindex=\"-1\"><img decoding=\"async\" src=\"https:\/\/colabinternational.co.uk\/wp-content\/uploads\/elementor\/thumbs\/Captura-de-Pantalla-2020-03-13-a-las-4.39.27-p.-m.-q9ked926i7m1r8nory6gx21ox0ur7g8s6bkvsus0c8.png\" title=\"Captura de Pantalla 2020-03-13 a la(s) 4.39.27 p. m.\" alt=\"Captura de Pantalla 2020-03-13 a la(s) 4.39.27 p. m.\" class=\"elementor-animation-bob\" loading=\"lazy\" \/><\/a><\/figure><div class=\"elementor-image-box-content\"><div class=\"elementor-image-box-title\"><a href=\"https:\/\/colabinternational.co.uk\/es\/open-fishbowl\/\">Pecera Abierta<\/a><\/div><p class=\"elementor-image-box-description\">La pecera abierta es una herramienta para el di\u00e1logo din\u00e1mico, que expone los conocimientos al tiempo que ampl\u00eda la comprensi\u00f3n colectiva. \nLas personas con conocimientos, expertos o personas con un profundo conocimiento o inter\u00e9s en el asunto en cuesti\u00f3n (los peces) se sientan en un c\u00edrculo interior para debatir una serie de preguntas direccionales, rodeados por un grupo m\u00e1s amplio de observadores en un c\u00edrculo exterior (la pecera) que pueden entrar en la conversaci\u00f3n en cualquier momento. El c\u00edrculo interior es el escenario para hablar y contribuir. Los que est\u00e1n en el c\u00edrculo exterior deben escuchar activamente y ponerse en el papel de pez cuando quieran participar en la conversaci\u00f3n del c\u00edrculo interior.<\/p><\/div><\/div>\t\t<\/div>\n\t\t\t\t<\/div>\n\t\t\t\t\t<\/div>\n\t\t<\/div>\n\t\t\t\t<div class=\"elementor-column elementor-col-50 elementor-inner-column elementor-element elementor-element-44ffcbff\" data-id=\"44ffcbff\" data-element_type=\"column\">\n\t\t\t<div class=\"elementor-widget-wrap elementor-element-populated\">\n\t\t\t\t\t\t<div class=\"elementor-element elementor-element-45222a2 elementor-position-left elementor-vertical-align-middle envato-kit-140-imagebox-nospace elementor-widget elementor-widget-image-box\" data-id=\"45222a2\" data-element_type=\"widget\" data-widget_type=\"image-box.default\">\n\t\t\t\t<div class=\"elementor-widget-container\">\n\t\t\t<div class=\"elementor-image-box-wrapper\"><figure class=\"elementor-image-box-img\"><a href=\"https:\/\/colabinternational.co.uk\/es\/world-cafe\/\" tabindex=\"-1\"><img decoding=\"async\" src=\"https:\/\/colabinternational.co.uk\/wp-content\/uploads\/elementor\/thumbs\/world-cafe-guideliness-q9ken0lti8zadeh1r64xtlc334q1690e6nkhacarp4.jpeg\" title=\"world cafe guideliness\" alt=\"world cafe guideliness\" class=\"elementor-animation-bob\" loading=\"lazy\" \/><\/a><\/figure><div class=\"elementor-image-box-content\"><div class=\"elementor-image-box-title\"><a href=\"https:\/\/colabinternational.co.uk\/es\/world-cafe\/\">Caf\u00e9 del mundo<\/a><\/div><p class=\"elementor-image-box-description\">Proceso utilizado para fomentar la interacci\u00f3n y el di\u00e1logo con grupos grandes y peque\u00f1os, especialmente eficaz para hacer aflorar la sabidur\u00eda colectiva de grandes grupos de personas diversas. Es muy flexible y se adapta a diferentes prop\u00f3sitos: intercambio de informaci\u00f3n, establecimiento de relaciones, reflexi\u00f3n profunda, exploraci\u00f3n y planificaci\u00f3n de acciones.<\/p><\/div><\/div>\t\t<\/div>\n\t\t\t\t<\/div>\n\t\t\t\t<div class=\"elementor-element elementor-element-25678e3 elementor-position-left elementor-vertical-align-middle envato-kit-140-imagebox-nospace elementor-widget elementor-widget-image-box\" data-id=\"25678e3\" data-element_type=\"widget\" data-widget_type=\"image-box.default\">\n\t\t\t\t<div class=\"elementor-widget-container\">\n\t\t\t<div class=\"elementor-image-box-wrapper\"><figure class=\"elementor-image-box-img\"><a href=\"https:\/\/colabinternational.co.uk\/es\/flow-game\/\" tabindex=\"-1\"><img decoding=\"async\" src=\"https:\/\/colabinternational.co.uk\/wp-content\/uploads\/elementor\/thumbs\/IMG_8992-q9kejxov3srgbey5qu6yndboznwpxys2fel6nov83c.png\" title=\"IMG_8992\" alt=\"IMG_8992\" class=\"elementor-animation-bob\" loading=\"lazy\" \/><\/a><\/figure><div class=\"elementor-image-box-content\"><div class=\"elementor-image-box-title\"><a href=\"https:\/\/colabinternational.co.uk\/es\/flow-game\/\">Flow Game<\/a><\/div><p class=\"elementor-image-box-description\">Ayuda a centrarse, aclarar y fluir en un \u00e1rea o cuesti\u00f3n importante de la vida, ya sea un proyecto, una direcci\u00f3n futura en el trabajo o las relaciones, o como parte del crecimiento personal.El Juego del Fluir puede ser utilizado por equipos o individuos para explorar intenciones y buscar claridad juntos.<\/p><\/div><\/div>\t\t<\/div>\n\t\t\t\t<\/div>\n\t\t\t\t<div class=\"elementor-element elementor-element-5e5d793 elementor-position-left elementor-vertical-align-middle envato-kit-140-imagebox-nospace elementor-widget elementor-widget-image-box\" data-id=\"5e5d793\" data-element_type=\"widget\" data-widget_type=\"image-box.default\">\n\t\t\t\t<div class=\"elementor-widget-container\">\n\t\t\t<div class=\"elementor-image-box-wrapper\"><figure class=\"elementor-image-box-img\"><a href=\"https:\/\/colabinternational.co.uk\/es\/circle-practice\/\" tabindex=\"-1\"><img decoding=\"async\" src=\"https:\/\/colabinternational.co.uk\/wp-content\/uploads\/elementor\/thumbs\/IMG_1369-scaled-q9kenfn8jljvj5v7bcmyxhjglanwleo3kq08yrogxk.jpeg\" title=\"IMG_1369\" alt=\"IMG_1369\" class=\"elementor-animation-bob\" loading=\"lazy\" \/><\/a><\/figure><div class=\"elementor-image-box-content\"><div class=\"elementor-image-box-title\"><a href=\"https:\/\/colabinternational.co.uk\/es\/circle-practice\/\">C\u00edrculo de palabra<\/a><\/div><p class=\"elementor-image-box-description\">La pr\u00e1ctica en c\u00edrculo puede adaptarse a una gran variedad de grupos, temas y plazos. Puede utilizarse durante toda la reuni\u00f3n, sobre todo si el grupo es relativamente peque\u00f1o y el objetivo principal es una reflexi\u00f3n profunda.  El c\u00edrculo tambi\u00e9n puede utilizarse como medio sostener el inicio y final de reuniones, sentir y profundizar en las relaciones o tomar decisiones juntos, sobre todo basados en el consenso.<\/p><\/div><\/div>\t\t<\/div>\n\t\t\t\t<\/div>\n\t\t\t\t<div class=\"elementor-element elementor-element-0d067f0 elementor-position-left elementor-vertical-align-middle envato-kit-140-imagebox-nospace elementor-widget elementor-widget-image-box\" data-id=\"0d067f0\" data-element_type=\"widget\" data-widget_type=\"image-box.default\">\n\t\t\t\t<div class=\"elementor-widget-container\">\n\t\t\t<div class=\"elementor-image-box-wrapper\"><figure class=\"elementor-image-box-img\"><img decoding=\"async\" src=\"https:\/\/colabinternational.co.uk\/wp-content\/uploads\/elementor\/thumbs\/Captura-de-Pantalla-2020-03-13-a-las-11.36.37-a.-m.-1-q9keaspcns93fw813vzjeocd2sy93wi0i698ouf0l4.png\" title=\"Captura de Pantalla 2020-03-13 a la(s) 11.36.37 a. m.\" alt=\"Captura de Pantalla 2020-03-13 a la(s) 11.36.37 a. m.\" class=\"elementor-animation-bob\" loading=\"lazy\" \/><\/figure><div class=\"elementor-image-box-content\"><div class=\"elementor-image-box-title\">Facilitaci\u00f3n grafica<\/div><p class=\"elementor-image-box-description\">Es el arte de transformar informaci\u00f3n abstracta y compleja en conocimiento visual y evolutivo para facilitar la escucha, la comprensi\u00f3n y la acci\u00f3n colectiva. La facilitaci\u00f3n gr\u00e1fica se est\u00e1 convirtiendo r\u00e1pidamente en una alternativa adoptada por personas y organizaciones innovadoras de todo el mundo, para crear mejores resultados ayudando a las personas a digerir y procesar la informaci\u00f3n en conocimiento \u00fatil y relevante.<\/p><\/div><\/div>\t\t<\/div>\n\t\t\t\t<\/div>\n\t\t\t\t<div class=\"elementor-element elementor-element-8097378 elementor-position-left elementor-vertical-align-middle envato-kit-140-imagebox-nospace elementor-widget elementor-widget-image-box\" data-id=\"8097378\" data-element_type=\"widget\" data-widget_type=\"image-box.default\">\n\t\t\t\t<div class=\"elementor-widget-container\">\n\t\t\t<div class=\"elementor-image-box-wrapper\"><figure class=\"elementor-image-box-img\"><a href=\"https:\/\/colabinternational.co.uk\/es\/action-learning\/\" tabindex=\"-1\"><img decoding=\"async\" src=\"https:\/\/colabinternational.co.uk\/wp-content\/uploads\/elementor\/thumbs\/IMG_0525-scaled-q9kel8oslijsfx1w4eib41gqoxh2mtyn9v7gnixjg8.jpeg\" title=\"IMG_0525\" alt=\"IMG_0525\" class=\"elementor-animation-bob\" loading=\"lazy\" \/><\/a><\/figure><div class=\"elementor-image-box-content\"><div class=\"elementor-image-box-title\"><a href=\"https:\/\/colabinternational.co.uk\/es\/action-learning\/\">Aprendizaje en acci\u00f3n<\/a><\/div><p class=\"elementor-image-box-description\">Un C\u00edrculo de Aprendizaje activo entre pares (ALS) es un grupo de personas de un lugar de trabajo o una comunidad que se re\u00fanen con la intenci\u00f3n espec\u00edfica de resolver problemas o desaf\u00edos de una comunidad, empresa u organizaci\u00f3n. El objetivo principal de un ALS es llegar a un conjunto de acciones realistas que ayuden a resolver o comprender los problemas en cuesti\u00f3n.<\/p><\/div><\/div>\t\t<\/div>\n\t\t\t\t<\/div>\n\t\t\t\t\t<\/div>\n\t\t<\/div>\n\t\t\t\t\t<\/div>\n\t\t<\/section>\n\t\t\t\t<div class=\"elementor-element elementor-element-0482727 elementor-align-center elementor-widget elementor-widget-button\" data-id=\"0482727\" data-element_type=\"widget\" data-widget_type=\"button.default\">\n\t\t\t\t<div class=\"elementor-widget-container\">\n\t\t\t\t\t<div class=\"elementor-button-wrapper\">\n\t\t\t<a class=\"elementor-button elementor-button-link elementor-size-sm\" href=\"https:\/\/colabinternational.co.uk\/es\/our-approach\/\">\n\t\t\t\t\t\t<span class=\"elementor-button-content-wrapper\">\n\t\t\t\t\t\t\t\t\t<span class=\"elementor-button-text\">VOLVER<\/span>\n\t\t\t\t\t<\/span>\n\t\t\t\t\t<\/a>\n\t\t<\/div>\n\t\t\t\t<\/div>\n\t\t\t\t<\/div>\n\t\t\t\t<div class=\"elementor-element elementor-element-7a07a26 elementor-widget elementor-widget-spacer\" data-id=\"7a07a26\" data-element_type=\"widget\" data-widget_type=\"spacer.default\">\n\t\t\t\t<div class=\"elementor-widget-container\">\n\t\t\t\t\t<div class=\"elementor-spacer\">\n\t\t\t<div class=\"elementor-spacer-inner\"><\/div>\n\t\t<\/div>\n\t\t\t\t<\/div>\n\t\t\t\t<\/div>\n\t\t\t\t\t<\/div>\n\t\t<\/div>\n\t\t\t\t\t<\/div>\n\t\t<\/section>\n\t\t\t\t<\/div>","protected":false},"excerpt":{"rendered":"<p>Methods &#038; Practices Open Space In Open Space meetings people can create time and space to engage deeply and creatively around issues of concern to them, the agenda is created by the participants and results are a collective effort born from the passion and responsibility of the participants. Pro Action Cafe An innovate yet simple [&hellip;]<\/p>","protected":false},"author":1,"featured_media":0,"parent":0,"menu_order":0,"comment_status":"closed","ping_status":"closed","template":"","meta":{"site-sidebar-layout":"no-sidebar","site-content-layout":"page-builder","ast-site-content-layout":"","site-content-style":"default","site-sidebar-style":"default","ast-global-header-display":"","ast-banner-title-visibility":"","ast-main-header-display":"","ast-hfb-above-header-display":"","ast-hfb-below-header-display":"","ast-hfb-mobile-header-display":"","site-post-title":"disabled","ast-breadcrumbs-content":"disabled","ast-featured-img":"disabled","footer-sml-layout":"","theme-transparent-header-meta":"enabled","adv-header-id-meta":"","stick-header-meta":"","header-above-stick-meta":"","header-main-stick-meta":"","header-below-stick-meta":"","astra-migrate-meta-layouts":"default","ast-page-background-enabled":"default","ast-page-background-meta":{"desktop":{"background-color":"","background-image":"","background-repeat":"repeat","background-position":"center center","background-size":"auto","background-attachment":"scroll","background-type":"","background-media":"","overlay-type":"","overlay-color":"","overlay-opacity":"","overlay-gradient":""},"tablet":{"background-color":"","background-image":"","background-repeat":"repeat","background-position":"center center","background-size":"auto","background-attachment":"scroll","background-type":"","background-media":"","overlay-type":"","overlay-color":"","overlay-opacity":"","overlay-gradient":""},"mobile":{"background-color":"","background-image":"","background-repeat":"repeat","background-position":"center center","background-size":"auto","background-attachment":"scroll","background-type":"","background-media":"","overlay-type":"","overlay-color":"","overlay-opacity":"","overlay-gradient":""}},"ast-content-background-meta":{"desktop":{"background-color":"var(--ast-global-color-5)","background-image":"","background-repeat":"repeat","background-position":"center center","background-size":"auto","background-attachment":"scroll","background-type":"","background-media":"","overlay-type":"","overlay-color":"","overlay-opacity":"","overlay-gradient":""},"tablet":{"background-color":"var(--ast-global-color-5)","background-image":"","background-repeat":"repeat","background-position":"center center","background-size":"auto","background-attachment":"scroll","background-type":"","background-media":"","overlay-type":"","overlay-color":"","overlay-opacity":"","overlay-gradient":""},"mobile":{"background-color":"var(--ast-global-color-5)","background-image":"","background-repeat":"repeat","background-position":"center center","background-size":"auto","background-attachment":"scroll","background-type":"","background-media":"","overlay-type":"","overlay-color":"","overlay-opacity":"","overlay-gradient":""}},"_ti_tpc_template_sync":false,"_ti_tpc_template_id":"","footnotes":""},"class_list":["post-4113","page","type-page","status-publish","hentry"],"_links":{"self":[{"href":"https:\/\/colabinternational.co.uk\/es\/wp-json\/wp\/v2\/pages\/4113","targetHints":{"allow":["GET"]}}],"collection":[{"href":"https:\/\/colabinternational.co.uk\/es\/wp-json\/wp\/v2\/pages"}],"about":[{"href":"https:\/\/colabinternational.co.uk\/es\/wp-json\/wp\/v2\/types\/page"}],"author":[{"embeddable":true,"href":"https:\/\/colabinternational.co.uk\/es\/wp-json\/wp\/v2\/users\/1"}],"replies":[{"embeddable":true,"href":"https:\/\/colabinternational.co.uk\/es\/wp-json\/wp\/v2\/comments?post=4113"}],"version-history":[{"count":0,"href":"https:\/\/colabinternational.co.uk\/es\/wp-json\/wp\/v2\/pages\/4113\/revisions"}],"wp:attachment":[{"href":"https:\/\/colabinternational.co.uk\/es\/wp-json\/wp\/v2\/media?parent=4113"}],"curies":[{"name":"wp","href":"https:\/\/api.w.org\/{rel}","templated":true}]}}