{"id":3708,"date":"2022-07-12T16:11:16","date_gmt":"2022-07-12T16:11:16","guid":{"rendered":"https:\/\/colabinternational.co.uk\/?page_id=3708"},"modified":"2024-01-11T16:14:33","modified_gmt":"2024-01-11T16:14:33","slug":"action-for-change-through-community-organising","status":"publish","type":"page","link":"https:\/\/colabinternational.co.uk\/es\/action-for-change-through-community-organising","title":{"rendered":"ACTION FOR CHANGE THROUGH COMMUNITY ORGANISING"},"content":{"rendered":"<div data-elementor-type=\"wp-page\" data-elementor-id=\"3708\" class=\"elementor elementor-3708\" data-elementor-post-type=\"page\">\n\t\t\t\t\t\t<section class=\"elementor-section elementor-top-section elementor-element elementor-element-a0c48cd elementor-section-height-min-height elementor-section-items-bottom elementor-section-boxed elementor-section-height-default\" data-id=\"a0c48cd\" data-element_type=\"section\" data-settings=\"{&quot;background_background&quot;:&quot;classic&quot;}\">\n\t\t\t\t\t\t\t<div class=\"elementor-background-overlay\"><\/div>\n\t\t\t\t\t\t\t<div class=\"elementor-container elementor-column-gap-no\">\n\t\t\t\t\t<div class=\"elementor-column elementor-col-100 elementor-top-column elementor-element elementor-element-e9be0f8\" data-id=\"e9be0f8\" data-element_type=\"column\">\n\t\t\t<div class=\"elementor-widget-wrap elementor-element-populated\">\n\t\t\t\t\t\t<div class=\"elementor-element elementor-element-bab2a57 elementor-widget elementor-widget-image\" data-id=\"bab2a57\" data-element_type=\"widget\" data-widget_type=\"image.default\">\n\t\t\t\t<div class=\"elementor-widget-container\">\n\t\t\t\t\t\t\t\t\t\t\t\t\t<img fetchpriority=\"high\" decoding=\"async\" width=\"924\" height=\"438\" src=\"https:\/\/colabinternational.co.uk\/wp-content\/uploads\/2022\/07\/colab-web-Recuperado-new-31.png\" class=\"attachment-large size-large wp-image-3370\" alt=\"\" srcset=\"https:\/\/colabinternational.co.uk\/wp-content\/uploads\/2022\/07\/colab-web-Recuperado-new-31.png 924w, https:\/\/colabinternational.co.uk\/wp-content\/uploads\/2022\/07\/colab-web-Recuperado-new-31-300x142.png 300w, https:\/\/colabinternational.co.uk\/wp-content\/uploads\/2022\/07\/colab-web-Recuperado-new-31-768x364.png 768w\" sizes=\"(max-width: 924px) 100vw, 924px\" \/>\t\t\t\t\t\t\t\t\t\t\t\t\t<\/div>\n\t\t\t\t<\/div>\n\t\t\t\t<div class=\"elementor-element elementor-element-681b547 elementor-widget elementor-widget-heading\" data-id=\"681b547\" data-element_type=\"widget\" data-widget_type=\"heading.default\">\n\t\t\t\t<div class=\"elementor-widget-container\">\n\t\t\t<h3 class=\"elementor-heading-title elementor-size-default\">Acci\u00f3n para el cambio a trav\u00e9s de la Organizaci\u00f3n Comunitaria<\/h3>\t\t<\/div>\n\t\t\t\t<\/div>\n\t\t\t\t<div class=\"elementor-element elementor-element-26914dd elementor-widget elementor-widget-image\" data-id=\"26914dd\" data-element_type=\"widget\" data-widget_type=\"image.default\">\n\t\t\t\t<div class=\"elementor-widget-container\">\n\t\t\t\t\t\t\t\t\t\t\t\t\t<img decoding=\"async\" width=\"924\" height=\"438\" src=\"https:\/\/colabinternational.co.uk\/wp-content\/uploads\/2022\/07\/colab-web-Recuperado-new-32.png\" class=\"attachment-2048x2048 size-2048x2048 wp-image-3371\" alt=\"\" srcset=\"https:\/\/colabinternational.co.uk\/wp-content\/uploads\/2022\/07\/colab-web-Recuperado-new-32.png 924w, https:\/\/colabinternational.co.uk\/wp-content\/uploads\/2022\/07\/colab-web-Recuperado-new-32-300x142.png 300w, https:\/\/colabinternational.co.uk\/wp-content\/uploads\/2022\/07\/colab-web-Recuperado-new-32-768x364.png 768w\" sizes=\"(max-width: 924px) 100vw, 924px\" \/>\t\t\t\t\t\t\t\t\t\t\t\t\t<\/div>\n\t\t\t\t<\/div>\n\t\t\t\t\t<\/div>\n\t\t<\/div>\n\t\t\t\t\t<\/div>\n\t\t<\/section>\n\t\t\t\t<section class=\"elementor-section elementor-top-section elementor-element elementor-element-67205a5 elementor-section-boxed elementor-section-height-default elementor-section-height-default\" data-id=\"67205a5\" data-element_type=\"section\">\n\t\t\t\t\t\t<div class=\"elementor-container elementor-column-gap-default\">\n\t\t\t\t\t<div class=\"elementor-column elementor-col-100 elementor-top-column elementor-element elementor-element-f2b868d\" data-id=\"f2b868d\" data-element_type=\"column\">\n\t\t\t<div class=\"elementor-widget-wrap elementor-element-populated\">\n\t\t\t\t\t\t<div class=\"elementor-element elementor-element-3089b4d elementor-widget elementor-widget-spacer\" data-id=\"3089b4d\" data-element_type=\"widget\" data-widget_type=\"spacer.default\">\n\t\t\t\t<div class=\"elementor-widget-container\">\n\t\t\t\t\t<div class=\"elementor-spacer\">\n\t\t\t<div class=\"elementor-spacer-inner\"><\/div>\n\t\t<\/div>\n\t\t\t\t<\/div>\n\t\t\t\t<\/div>\n\t\t\t\t<div class=\"elementor-element elementor-element-fb1ba73 elementor-widget elementor-widget-image\" data-id=\"fb1ba73\" data-element_type=\"widget\" data-widget_type=\"image.default\">\n\t\t\t\t<div class=\"elementor-widget-container\">\n\t\t\t\t\t\t\t\t\t\t\t\t\t<img decoding=\"async\" width=\"1024\" height=\"576\" src=\"https:\/\/colabinternational.co.uk\/wp-content\/uploads\/2022\/07\/Captura-de-Pantalla-2020-03-13-a-las-11.36.37-a.-m.-1-1024x576.png\" class=\"attachment-large size-large wp-image-4126\" alt=\"\" srcset=\"https:\/\/colabinternational.co.uk\/wp-content\/uploads\/2022\/07\/Captura-de-Pantalla-2020-03-13-a-las-11.36.37-a.-m.-1-1024x576.png 1024w, https:\/\/colabinternational.co.uk\/wp-content\/uploads\/2022\/07\/Captura-de-Pantalla-2020-03-13-a-las-11.36.37-a.-m.-1-300x169.png 300w, https:\/\/colabinternational.co.uk\/wp-content\/uploads\/2022\/07\/Captura-de-Pantalla-2020-03-13-a-las-11.36.37-a.-m.-1-768x432.png 768w, https:\/\/colabinternational.co.uk\/wp-content\/uploads\/2022\/07\/Captura-de-Pantalla-2020-03-13-a-las-11.36.37-a.-m.-1-1536x864.png 1536w, https:\/\/colabinternational.co.uk\/wp-content\/uploads\/2022\/07\/Captura-de-Pantalla-2020-03-13-a-las-11.36.37-a.-m.-1-2048x1152.png 2048w\" sizes=\"(max-width: 1024px) 100vw, 1024px\" \/>\t\t\t\t\t\t\t\t\t\t\t\t\t<\/div>\n\t\t\t\t<\/div>\n\t\t\t\t<div class=\"elementor-element elementor-element-3fd080e elementor-widget elementor-widget-spacer\" data-id=\"3fd080e\" data-element_type=\"widget\" data-widget_type=\"spacer.default\">\n\t\t\t\t<div class=\"elementor-widget-container\">\n\t\t\t\t\t<div class=\"elementor-spacer\">\n\t\t\t<div class=\"elementor-spacer-inner\"><\/div>\n\t\t<\/div>\n\t\t\t\t<\/div>\n\t\t\t\t<\/div>\n\t\t\t\t<section class=\"elementor-section elementor-inner-section elementor-element elementor-element-88d0e0a elementor-section-boxed elementor-section-height-default elementor-section-height-default\" data-id=\"88d0e0a\" data-element_type=\"section\">\n\t\t\t\t\t\t<div class=\"elementor-container elementor-column-gap-default\">\n\t\t\t\t\t<div class=\"elementor-column elementor-col-100 elementor-inner-column elementor-element elementor-element-27c13e9\" data-id=\"27c13e9\" data-element_type=\"column\">\n\t\t\t<div class=\"elementor-widget-wrap elementor-element-populated\">\n\t\t\t\t\t\t<div class=\"elementor-element elementor-element-82f8d45 elementor-widget elementor-widget-text-editor\" data-id=\"82f8d45\" data-element_type=\"widget\" data-widget_type=\"text-editor.default\">\n\t\t\t\t<div class=\"elementor-widget-container\">\n\t\t\t\t\t\t\t<p class=\"type-intro-p\">En este curso de un d\u00eda se estudiar\u00e1 c\u00f3mo lograr un cambio positivo a trav\u00e9s de la acci\u00f3n colectiva. Explorar\u00e1s los diferentes tipos de acci\u00f3n que puedes emprender, desde la acci\u00f3n DIY hasta las campa\u00f1as, explorar\u00e1s historias de acci\u00f3n y factores de \u00e9xito y aprender\u00e1s a desarrollar una estrategia para el cambio basada en escuchar, construir el poder y el liderazgo de las personas y elegir t\u00e1cticas y m\u00e9todos para la acci\u00f3n.<\/p><div class=\"text-col-container\"><div class=\"main-text-col text-content\"><div class=\"text-content\"><p>Este curso se basa en nuestro curso de Introducci\u00f3n, Escucha y Poder. En este curso llegamos al meollo de la acci\u00f3n. \u00bfQu\u00e9 podemos hacer juntos para cambiar nuestros barrios y comunidades? \u00bfC\u00f3mo sabemos cu\u00e1l es la acci\u00f3n adecuada?  \u00bfC\u00f3mo movilizamos nuestra red de personas?  \u00bfC\u00f3mo trabajamos juntos para liderar el cambio?<\/p><p>Compartir y aprender de historias de acci\u00f3n: campa\u00f1as, empresas comunitarias, adquisici\u00f3n de activos, actos comunitarios, pedir cuentas a los pol\u00edticos.<\/p><p>Aprenda a llamar a la gente a la acci\u00f3n a trav\u00e9s de historias y c\u00f3mo la organizaci\u00f3n comunitaria permite a las personas liderar y apoyar acciones que les hacen sentir poderosos juntos.<\/p><\/div><div class=\"text-content\"><div class=\"callout\"><p><strong>Explorar\u00e1s:<\/strong><\/p><ul><li>Qu\u00e9 motiva a la gente a actuar en su comunidad<\/li><li>El prop\u00f3sito de la acci\u00f3n en la organizaci\u00f3n comunitaria y los diferentes enfoques<\/li><li>Desarrollar una estrategia de actuaci\u00f3n<\/li><li>Desarrollar un mapa de poder<\/li><li>Facilitar y dirigir la acci\u00f3n colectiva<\/li><li>Reflexionar sobre la acci\u00f3n<\/li><\/ul><\/div><\/div><\/div><\/div><div class=\"text-col-container\"><div class=\"main-text-col text-content\">\u00a0<\/div><\/div>\t\t\t\t\t\t<\/div>\n\t\t\t\t<\/div>\n\t\t\t\t\t<\/div>\n\t\t<\/div>\n\t\t\t\t\t<\/div>\n\t\t<\/section>\n\t\t\t\t\t<\/div>\n\t\t<\/div>\n\t\t\t\t\t<\/div>\n\t\t<\/section>\n\t\t\t\t<section class=\"elementor-section elementor-top-section elementor-element elementor-element-5b8b531 elementor-section-boxed elementor-section-height-default elementor-section-height-default\" data-id=\"5b8b531\" data-element_type=\"section\">\n\t\t\t\t\t\t<div class=\"elementor-container elementor-column-gap-default\">\n\t\t\t\t\t<div class=\"elementor-column elementor-col-100 elementor-top-column elementor-element elementor-element-d0c6065\" data-id=\"d0c6065\" data-element_type=\"column\">\n\t\t\t<div class=\"elementor-widget-wrap elementor-element-populated\">\n\t\t\t\t\t\t<section class=\"elementor-section elementor-inner-section elementor-element elementor-element-8ab7d40 elementor-section-boxed elementor-section-height-default elementor-section-height-default\" data-id=\"8ab7d40\" data-element_type=\"section\">\n\t\t\t\t\t\t<div class=\"elementor-container elementor-column-gap-default\">\n\t\t\t\t\t<div class=\"elementor-column elementor-col-50 elementor-inner-column elementor-element elementor-element-2c8e46e\" data-id=\"2c8e46e\" data-element_type=\"column\">\n\t\t\t<div class=\"elementor-widget-wrap elementor-element-populated\">\n\t\t\t\t\t\t<div class=\"elementor-element elementor-element-73b9962 elementor-widget elementor-widget-text-editor\" data-id=\"73b9962\" data-element_type=\"widget\" data-widget_type=\"text-editor.default\">\n\t\t\t\t<div class=\"elementor-widget-container\">\n\t\t\t\t\t\t\t<p>El curso tambi\u00e9n sirve para recordar los aspectos b\u00e1sicos de la organizaci\u00f3n comunitaria que se tratan en nuestro curso de Introducci\u00f3n a la Organizaci\u00f3n Comunitaria. Si a\u00fan no has participado en nuestro curso de Introducci\u00f3n, te recomendamos que lo hagas antes de inscribirte en nuestro curso de acci\u00f3n.<\/p><p>El curso dura 8 horas y suele impartirse en un solo d\u00eda.  Como toda nuestra formaci\u00f3n, es a la vez estimulante y agradable.  Est\u00e1 dise\u00f1ado para que todo el mundo pueda participar y compartir sus ideas y experiencias y aprender algunas herramientas y habilidades pr\u00e1cticas.<\/p>\t\t\t\t\t\t<\/div>\n\t\t\t\t<\/div>\n\t\t\t\t\t<\/div>\n\t\t<\/div>\n\t\t\t\t<div class=\"elementor-column elementor-col-50 elementor-inner-column elementor-element elementor-element-9af2c14\" data-id=\"9af2c14\" data-element_type=\"column\">\n\t\t\t<div class=\"elementor-widget-wrap elementor-element-populated\">\n\t\t\t\t\t\t<div class=\"elementor-element elementor-element-d6402a0 elementor-widget elementor-widget-text-editor\" data-id=\"d6402a0\" data-element_type=\"widget\" data-widget_type=\"text-editor.default\">\n\t\t\t\t<div class=\"elementor-widget-container\">\n\t\t\t\t\t\t\t<p>Para nosotros es muy importante ofrecer experiencias de aprendizaje agradables y de alta calidad.  Nuestros formadores tienen garant\u00eda de calidad y experiencia en organizaci\u00f3n comunitaria. Este curso y\/o programa de formaci\u00f3n ha sido avalado por el Quality Licence Scheme por su alta calidad, provisi\u00f3n no regulada y programas de formaci\u00f3n. Este curso y\/o programa de formaci\u00f3n no est\u00e1 regulado por Ofqual y no es una cualificaci\u00f3n acreditada. Para obtener m\u00e1s informaci\u00f3n, visite la secci\u00f3n de Preguntas frecuentes del alumno en la p\u00e1gina <a href=\"https:\/\/qualitylicencescheme.co.uk\/\">Quality Licence Scheme<\/a>\u00a0website<\/p>\t\t\t\t\t\t<\/div>\n\t\t\t\t<\/div>\n\t\t\t\t\t<\/div>\n\t\t<\/div>\n\t\t\t\t\t<\/div>\n\t\t<\/section>\n\t\t\t\t\t<\/div>\n\t\t<\/div>\n\t\t\t\t\t<\/div>\n\t\t<\/section>\n\t\t\t\t<section class=\"elementor-section elementor-top-section elementor-element elementor-element-bb659c6 elementor-section-boxed elementor-section-height-default elementor-section-height-default\" data-id=\"bb659c6\" data-element_type=\"section\">\n\t\t\t\t\t\t<div class=\"elementor-container elementor-column-gap-default\">\n\t\t\t\t\t<div class=\"elementor-column elementor-col-100 elementor-top-column elementor-element elementor-element-8276b75\" data-id=\"8276b75\" data-element_type=\"column\">\n\t\t\t<div class=\"elementor-widget-wrap elementor-element-populated\">\n\t\t\t\t\t\t<section class=\"elementor-section elementor-inner-section elementor-element elementor-element-a1234f3 elementor-section-boxed elementor-section-height-default elementor-section-height-default\" data-id=\"a1234f3\" data-element_type=\"section\">\n\t\t\t\t\t\t<div class=\"elementor-container elementor-column-gap-default\">\n\t\t\t\t\t<div class=\"elementor-column elementor-col-100 elementor-inner-column elementor-element elementor-element-765c8ea\" data-id=\"765c8ea\" data-element_type=\"column\">\n\t\t\t<div class=\"elementor-widget-wrap\">\n\t\t\t\t\t\t\t<\/div>\n\t\t<\/div>\n\t\t\t\t\t<\/div>\n\t\t<\/section>\n\t\t\t\t\t<\/div>\n\t\t<\/div>\n\t\t\t\t\t<\/div>\n\t\t<\/section>\n\t\t\t\t<section class=\"elementor-section elementor-top-section elementor-element elementor-element-6c23ac8 elementor-section-boxed elementor-section-height-default elementor-section-height-default\" data-id=\"6c23ac8\" data-element_type=\"section\">\n\t\t\t\t\t\t<div class=\"elementor-container elementor-column-gap-default\">\n\t\t\t\t\t<div class=\"elementor-column elementor-col-33 elementor-top-column elementor-element elementor-element-1aa93c8\" data-id=\"1aa93c8\" data-element_type=\"column\">\n\t\t\t<div class=\"elementor-widget-wrap\">\n\t\t\t\t\t\t\t<\/div>\n\t\t<\/div>\n\t\t\t\t<div class=\"elementor-column elementor-col-33 elementor-top-column elementor-element elementor-element-414eb66\" data-id=\"414eb66\" data-element_type=\"column\">\n\t\t\t<div class=\"elementor-widget-wrap elementor-element-populated\">\n\t\t\t\t\t\t<div class=\"elementor-element elementor-element-d2df9a7 elementor-align-center elementor-widget elementor-widget-button\" data-id=\"d2df9a7\" data-element_type=\"widget\" data-widget_type=\"button.default\">\n\t\t\t\t<div class=\"elementor-widget-container\">\n\t\t\t\t\t<div class=\"elementor-button-wrapper\">\n\t\t\t<a class=\"elementor-button elementor-button-link elementor-size-sm\" href=\"https:\/\/colabinternational.co.uk\/es\/community-organising\/\">\n\t\t\t\t\t\t<span class=\"elementor-button-content-wrapper\">\n\t\t\t\t\t\t\t\t\t<span class=\"elementor-button-text\">VOLVER<\/span>\n\t\t\t\t\t<\/span>\n\t\t\t\t\t<\/a>\n\t\t<\/div>\n\t\t\t\t<\/div>\n\t\t\t\t<\/div>\n\t\t\t\t\t<\/div>\n\t\t<\/div>\n\t\t\t\t<div class=\"elementor-column elementor-col-33 elementor-top-column elementor-element elementor-element-050dfcb\" data-id=\"050dfcb\" data-element_type=\"column\">\n\t\t\t<div class=\"elementor-widget-wrap\">\n\t\t\t\t\t\t\t<\/div>\n\t\t<\/div>\n\t\t\t\t\t<\/div>\n\t\t<\/section>\n\t\t\t\t<\/div>","protected":false},"excerpt":{"rendered":"<p>Action for Change through Community Organising This one-day course will explore how you can make change for good through collective action. You will explore the different types of action you can take, from DIY action to campaigning, explore stories of action and success factors and learn how to develop a strategy for change based on [&hellip;]<\/p>","protected":false},"author":1,"featured_media":0,"parent":0,"menu_order":0,"comment_status":"closed","ping_status":"closed","template":"","meta":{"site-sidebar-layout":"no-sidebar","site-content-layout":"page-builder","ast-site-content-layout":"","site-content-style":"default","site-sidebar-style":"default","ast-global-header-display":"","ast-banner-title-visibility":"","ast-main-header-display":"","ast-hfb-above-header-display":"","ast-hfb-below-header-display":"","ast-hfb-mobile-header-display":"","site-post-title":"disabled","ast-breadcrumbs-content":"disabled","ast-featured-img":"disabled","footer-sml-layout":"","theme-transparent-header-meta":"enabled","adv-header-id-meta":"","stick-header-meta":"","header-above-stick-meta":"","header-main-stick-meta":"","header-below-stick-meta":"","astra-migrate-meta-layouts":"default","ast-page-background-enabled":"default","ast-page-background-meta":{"desktop":{"background-color":"","background-image":"","background-repeat":"repeat","background-position":"center center","background-size":"auto","background-attachment":"scroll","background-type":"","background-media":"","overlay-type":"","overlay-color":"","overlay-opacity":"","overlay-gradient":""},"tablet":{"background-color":"","background-image":"","background-repeat":"repeat","background-position":"center center","background-size":"auto","background-attachment":"scroll","background-type":"","background-media":"","overlay-type":"","overlay-color":"","overlay-opacity":"","overlay-gradient":""},"mobile":{"background-color":"","background-image":"","background-repeat":"repeat","background-position":"center center","background-size":"auto","background-attachment":"scroll","background-type":"","background-media":"","overlay-type":"","overlay-color":"","overlay-opacity":"","overlay-gradient":""}},"ast-content-background-meta":{"desktop":{"background-color":"var(--ast-global-color-5)","background-image":"","background-repeat":"repeat","background-position":"center center","background-size":"auto","background-attachment":"scroll","background-type":"","background-media":"","overlay-type":"","overlay-color":"","overlay-opacity":"","overlay-gradient":""},"tablet":{"background-color":"var(--ast-global-color-5)","background-image":"","background-repeat":"repeat","background-position":"center center","background-size":"auto","background-attachment":"scroll","background-type":"","background-media":"","overlay-type":"","overlay-color":"","overlay-opacity":"","overlay-gradient":""},"mobile":{"background-color":"var(--ast-global-color-5)","background-image":"","background-repeat":"repeat","background-position":"center center","background-size":"auto","background-attachment":"scroll","background-type":"","background-media":"","overlay-type":"","overlay-color":"","overlay-opacity":"","overlay-gradient":""}},"_ti_tpc_template_sync":false,"_ti_tpc_template_id":"","footnotes":""},"class_list":["post-3708","page","type-page","status-publish","hentry"],"_links":{"self":[{"href":"https:\/\/colabinternational.co.uk\/es\/wp-json\/wp\/v2\/pages\/3708","targetHints":{"allow":["GET"]}}],"collection":[{"href":"https:\/\/colabinternational.co.uk\/es\/wp-json\/wp\/v2\/pages"}],"about":[{"href":"https:\/\/colabinternational.co.uk\/es\/wp-json\/wp\/v2\/types\/page"}],"author":[{"embeddable":true,"href":"https:\/\/colabinternational.co.uk\/es\/wp-json\/wp\/v2\/users\/1"}],"replies":[{"embeddable":true,"href":"https:\/\/colabinternational.co.uk\/es\/wp-json\/wp\/v2\/comments?post=3708"}],"version-history":[{"count":0,"href":"https:\/\/colabinternational.co.uk\/es\/wp-json\/wp\/v2\/pages\/3708\/revisions"}],"wp:attachment":[{"href":"https:\/\/colabinternational.co.uk\/es\/wp-json\/wp\/v2\/media?parent=3708"}],"curies":[{"name":"wp","href":"https:\/\/api.w.org\/{rel}","templated":true}]}}