{"id":3682,"date":"2022-07-12T15:15:27","date_gmt":"2022-07-12T15:15:27","guid":{"rendered":"https:\/\/colabinternational.co.uk\/?page_id=3682"},"modified":"2023-04-05T22:37:49","modified_gmt":"2023-04-05T22:37:49","slug":"listenning-skills-for-community-organising","status":"publish","type":"page","link":"https:\/\/colabinternational.co.uk\/es\/listenning-skills-for-community-organising","title":{"rendered":"Listenning Skills for Community Organising"},"content":{"rendered":"<div data-elementor-type=\"wp-page\" data-elementor-id=\"3682\" class=\"elementor elementor-3682\" data-elementor-post-type=\"page\">\n\t\t\t\t\t\t<section class=\"elementor-section elementor-top-section elementor-element elementor-element-a0c48cd elementor-section-height-min-height elementor-section-items-bottom elementor-section-boxed elementor-section-height-default\" data-id=\"a0c48cd\" data-element_type=\"section\" data-settings=\"{&quot;background_background&quot;:&quot;classic&quot;}\">\n\t\t\t\t\t\t\t<div class=\"elementor-background-overlay\"><\/div>\n\t\t\t\t\t\t\t<div class=\"elementor-container elementor-column-gap-no\">\n\t\t\t\t\t<div class=\"elementor-column elementor-col-33 elementor-top-column elementor-element elementor-element-009c95e\" data-id=\"009c95e\" data-element_type=\"column\">\n\t\t\t<div class=\"elementor-widget-wrap elementor-element-populated\">\n\t\t\t\t\t\t<div class=\"elementor-element elementor-element-bab2a57 elementor-widget elementor-widget-image\" data-id=\"bab2a57\" data-element_type=\"widget\" data-widget_type=\"image.default\">\n\t\t\t\t<div class=\"elementor-widget-container\">\n\t\t\t\t\t\t\t\t\t\t\t\t\t<img fetchpriority=\"high\" decoding=\"async\" width=\"924\" height=\"438\" src=\"https:\/\/colabinternational.co.uk\/wp-content\/uploads\/2022\/07\/colab-web-Recuperado-new-31.png\" class=\"attachment-large size-large wp-image-3370\" alt=\"\" srcset=\"https:\/\/colabinternational.co.uk\/wp-content\/uploads\/2022\/07\/colab-web-Recuperado-new-31.png 924w, https:\/\/colabinternational.co.uk\/wp-content\/uploads\/2022\/07\/colab-web-Recuperado-new-31-300x142.png 300w, https:\/\/colabinternational.co.uk\/wp-content\/uploads\/2022\/07\/colab-web-Recuperado-new-31-768x364.png 768w\" sizes=\"(max-width: 924px) 100vw, 924px\" \/>\t\t\t\t\t\t\t\t\t\t\t\t\t<\/div>\n\t\t\t\t<\/div>\n\t\t\t\t\t<\/div>\n\t\t<\/div>\n\t\t\t\t<div class=\"elementor-column elementor-col-33 elementor-top-column elementor-element elementor-element-e9be0f8\" data-id=\"e9be0f8\" data-element_type=\"column\">\n\t\t\t<div class=\"elementor-widget-wrap elementor-element-populated\">\n\t\t\t\t\t\t<div class=\"elementor-element elementor-element-681b547 elementor-widget elementor-widget-heading\" data-id=\"681b547\" data-element_type=\"widget\" data-widget_type=\"heading.default\">\n\t\t\t\t<div class=\"elementor-widget-container\">\n\t\t\t<h3 class=\"elementor-heading-title elementor-size-default\">T\u00e9cnicas de escucha para la Organizaci\u00f3n Comunitaria\n<\/h3>\t\t<\/div>\n\t\t\t\t<\/div>\n\t\t\t\t\t<\/div>\n\t\t<\/div>\n\t\t\t\t<div class=\"elementor-column elementor-col-33 elementor-top-column elementor-element elementor-element-391adec\" data-id=\"391adec\" data-element_type=\"column\">\n\t\t\t<div class=\"elementor-widget-wrap elementor-element-populated\">\n\t\t\t\t\t\t<div class=\"elementor-element elementor-element-26914dd elementor-widget elementor-widget-image\" data-id=\"26914dd\" data-element_type=\"widget\" data-widget_type=\"image.default\">\n\t\t\t\t<div class=\"elementor-widget-container\">\n\t\t\t\t\t\t\t\t\t\t\t\t\t<img decoding=\"async\" width=\"924\" height=\"438\" src=\"https:\/\/colabinternational.co.uk\/wp-content\/uploads\/2022\/07\/colab-web-Recuperado-new-32.png\" class=\"attachment-2048x2048 size-2048x2048 wp-image-3371\" alt=\"\" srcset=\"https:\/\/colabinternational.co.uk\/wp-content\/uploads\/2022\/07\/colab-web-Recuperado-new-32.png 924w, https:\/\/colabinternational.co.uk\/wp-content\/uploads\/2022\/07\/colab-web-Recuperado-new-32-300x142.png 300w, https:\/\/colabinternational.co.uk\/wp-content\/uploads\/2022\/07\/colab-web-Recuperado-new-32-768x364.png 768w\" sizes=\"(max-width: 924px) 100vw, 924px\" \/>\t\t\t\t\t\t\t\t\t\t\t\t\t<\/div>\n\t\t\t\t<\/div>\n\t\t\t\t\t<\/div>\n\t\t<\/div>\n\t\t\t\t\t<\/div>\n\t\t<\/section>\n\t\t\t\t<section class=\"elementor-section elementor-top-section elementor-element elementor-element-67205a5 elementor-section-boxed elementor-section-height-default elementor-section-height-default\" data-id=\"67205a5\" data-element_type=\"section\">\n\t\t\t\t\t\t<div class=\"elementor-container elementor-column-gap-default\">\n\t\t\t\t\t<div class=\"elementor-column elementor-col-100 elementor-top-column elementor-element elementor-element-f2b868d\" data-id=\"f2b868d\" data-element_type=\"column\">\n\t\t\t<div class=\"elementor-widget-wrap elementor-element-populated\">\n\t\t\t\t\t\t<div class=\"elementor-element elementor-element-3089b4d elementor-widget elementor-widget-spacer\" data-id=\"3089b4d\" data-element_type=\"widget\" data-widget_type=\"spacer.default\">\n\t\t\t\t<div class=\"elementor-widget-container\">\n\t\t\t\t\t<div class=\"elementor-spacer\">\n\t\t\t<div class=\"elementor-spacer-inner\"><\/div>\n\t\t<\/div>\n\t\t\t\t<\/div>\n\t\t\t\t<\/div>\n\t\t\t\t<div class=\"elementor-element elementor-element-fb1ba73 elementor-widget elementor-widget-image\" data-id=\"fb1ba73\" data-element_type=\"widget\" data-widget_type=\"image.default\">\n\t\t\t\t<div class=\"elementor-widget-container\">\n\t\t\t\t\t\t\t\t\t\t\t\t\t<img decoding=\"async\" width=\"2560\" height=\"1216\" src=\"https:\/\/colabinternational.co.uk\/wp-content\/uploads\/2022\/07\/LondonOct2019training-120-scaled-e1680734259161.jpg\" class=\"attachment-full size-full wp-image-4104\" alt=\"\" srcset=\"https:\/\/colabinternational.co.uk\/wp-content\/uploads\/2022\/07\/LondonOct2019training-120-scaled-e1680734259161.jpg 2560w, https:\/\/colabinternational.co.uk\/wp-content\/uploads\/2022\/07\/LondonOct2019training-120-scaled-e1680734259161-300x143.jpg 300w, https:\/\/colabinternational.co.uk\/wp-content\/uploads\/2022\/07\/LondonOct2019training-120-scaled-e1680734259161-1024x486.jpg 1024w, https:\/\/colabinternational.co.uk\/wp-content\/uploads\/2022\/07\/LondonOct2019training-120-scaled-e1680734259161-768x365.jpg 768w, https:\/\/colabinternational.co.uk\/wp-content\/uploads\/2022\/07\/LondonOct2019training-120-scaled-e1680734259161-1536x730.jpg 1536w, https:\/\/colabinternational.co.uk\/wp-content\/uploads\/2022\/07\/LondonOct2019training-120-scaled-e1680734259161-2048x973.jpg 2048w\" sizes=\"(max-width: 2560px) 100vw, 2560px\" \/>\t\t\t\t\t\t\t\t\t\t\t\t\t<\/div>\n\t\t\t\t<\/div>\n\t\t\t\t<div class=\"elementor-element elementor-element-3fd080e elementor-widget elementor-widget-spacer\" data-id=\"3fd080e\" data-element_type=\"widget\" data-widget_type=\"spacer.default\">\n\t\t\t\t<div class=\"elementor-widget-container\">\n\t\t\t\t\t<div class=\"elementor-spacer\">\n\t\t\t<div class=\"elementor-spacer-inner\"><\/div>\n\t\t<\/div>\n\t\t\t\t<\/div>\n\t\t\t\t<\/div>\n\t\t\t\t<section class=\"elementor-section elementor-inner-section elementor-element elementor-element-88d0e0a elementor-section-boxed elementor-section-height-default elementor-section-height-default\" data-id=\"88d0e0a\" data-element_type=\"section\">\n\t\t\t\t\t\t<div class=\"elementor-container elementor-column-gap-default\">\n\t\t\t\t\t<div class=\"elementor-column elementor-col-100 elementor-inner-column elementor-element elementor-element-27c13e9\" data-id=\"27c13e9\" data-element_type=\"column\">\n\t\t\t<div class=\"elementor-widget-wrap elementor-element-populated\">\n\t\t\t\t\t\t<div class=\"elementor-element elementor-element-82f8d45 elementor-widget elementor-widget-text-editor\" data-id=\"82f8d45\" data-element_type=\"widget\" data-widget_type=\"text-editor.default\">\n\t\t\t\t<div class=\"elementor-widget-container\">\n\t\t\t\t\t\t\t<p>Escuchar a la gente es la base de la Organizaci\u00f3n Comunitaria porque crea confianza y relaciones, descubre problemas y es un punto de partida esencial para reunir a la gente y compartir historias, ideas y acciones. En este curso comprender\u00e1s por qu\u00e9 escuchar es importante en la organizaci\u00f3n comunitaria, desarrollar\u00e1s habilidades y t\u00e1cticas pr\u00e1cticas de escucha y planificar\u00e1s una campa\u00f1a de escucha.<\/p><p>Aprender\u00e1s sobre:<\/p><ul><li>la escucha \"relacional\" y su importancia en la organizaci\u00f3n comunitaria<\/li><li>c\u00f3mo planificar una campa\u00f1a de escucha para poner en marcha su trabajo de organizaci\u00f3n<\/li><li>herramientas pr\u00e1cticas de escucha que puede utilizar para implicar a las personas, establecer relaciones y encontrar l\u00edderes<\/li><li>c\u00f3mo hacer preguntas poderosas ayuda a la gente a contar sus historias<\/li><li>c\u00f3mo reflexionan los organizadores comunitarios para mejorar su trabajo<\/li><\/ul>\t\t\t\t\t\t<\/div>\n\t\t\t\t<\/div>\n\t\t\t\t\t<\/div>\n\t\t<\/div>\n\t\t\t\t\t<\/div>\n\t\t<\/section>\n\t\t\t\t\t<\/div>\n\t\t<\/div>\n\t\t\t\t\t<\/div>\n\t\t<\/section>\n\t\t\t\t<section class=\"elementor-section elementor-top-section elementor-element elementor-element-5b8b531 elementor-section-boxed elementor-section-height-default elementor-section-height-default\" data-id=\"5b8b531\" data-element_type=\"section\">\n\t\t\t\t\t\t<div class=\"elementor-container elementor-column-gap-default\">\n\t\t\t\t\t<div class=\"elementor-column elementor-col-100 elementor-top-column elementor-element elementor-element-d0c6065\" data-id=\"d0c6065\" data-element_type=\"column\">\n\t\t\t<div class=\"elementor-widget-wrap elementor-element-populated\">\n\t\t\t\t\t\t<section class=\"elementor-section elementor-inner-section elementor-element elementor-element-8ab7d40 elementor-section-boxed elementor-section-height-default elementor-section-height-default\" data-id=\"8ab7d40\" data-element_type=\"section\">\n\t\t\t\t\t\t<div class=\"elementor-container elementor-column-gap-default\">\n\t\t\t\t\t<div class=\"elementor-column elementor-col-100 elementor-inner-column elementor-element elementor-element-2c8e46e\" data-id=\"2c8e46e\" data-element_type=\"column\">\n\t\t\t<div class=\"elementor-widget-wrap elementor-element-populated\">\n\t\t\t\t\t\t<div class=\"elementor-element elementor-element-73b9962 elementor-widget elementor-widget-text-editor\" data-id=\"73b9962\" data-element_type=\"widget\" data-widget_type=\"text-editor.default\">\n\t\t\t\t<div class=\"elementor-widget-container\">\n\t\t\t\t\t\t\t<p>El curso tambi\u00e9n sirve para recordar los aspectos b\u00e1sicos de la organizaci\u00f3n comunitaria, que se tratan en nuestro curso Introducci\u00f3n a la Organizaci\u00f3n Comunitaria. Si a\u00fan no has participado en nuestro curso de Introducci\u00f3n, te animamos a que lo hagas antes de apuntarte a nuestro curso de Escucha.<\/p>\t\t\t\t\t\t<\/div>\n\t\t\t\t<\/div>\n\t\t\t\t\t<\/div>\n\t\t<\/div>\n\t\t\t\t\t<\/div>\n\t\t<\/section>\n\t\t\t\t<section class=\"elementor-section elementor-inner-section elementor-element elementor-element-ad026cb elementor-section-boxed elementor-section-height-default elementor-section-height-default\" data-id=\"ad026cb\" data-element_type=\"section\">\n\t\t\t\t\t\t<div class=\"elementor-container elementor-column-gap-default\">\n\t\t\t\t\t<div class=\"elementor-column elementor-col-100 elementor-inner-column elementor-element elementor-element-1610626\" data-id=\"1610626\" data-element_type=\"column\">\n\t\t\t<div class=\"elementor-widget-wrap elementor-element-populated\">\n\t\t\t\t\t\t<div class=\"elementor-element elementor-element-db4b44c elementor-widget elementor-widget-text-editor\" data-id=\"db4b44c\" data-element_type=\"widget\" data-widget_type=\"text-editor.default\">\n\t\t\t\t<div class=\"elementor-widget-container\">\n\t\t\t\t\t\t\t<p>El curso dura 8 horas y suele desarrollarse en un solo d\u00eda. Como toda nuestra formaci\u00f3n, es inspiradora e interactiva.  Est\u00e1 dise\u00f1ado para que todo el mundo pueda participar, compartir sus ideas y experiencias y practicar sus habilidades.<\/p><p>Para nosotros es muy importante ofrecer experiencias de aprendizaje agradables y de alta calidad.  Nuestros formadores tienen garant\u00eda de calidad y experiencia en organizaci\u00f3n comunitaria. Este curso y\/o programa de formaci\u00f3n ha sido avalado por el Quality Licence Scheme por su alta calidad, provisi\u00f3n no regulada y programas de formaci\u00f3n. Este curso y\/o programa de formaci\u00f3n no est\u00e1 regulado por Ofqual y no es una cualificaci\u00f3n acreditada. Para obtener m\u00e1s informaci\u00f3n, visite la secci\u00f3n de Preguntas frecuentes del alumno en la p\u00e1gina <a href=\"https:\/\/qualitylicencescheme.co.uk\/\">Quality Licence Scheme<\/a>\u00a0website.<\/p>\t\t\t\t\t\t<\/div>\n\t\t\t\t<\/div>\n\t\t\t\t\t<\/div>\n\t\t<\/div>\n\t\t\t\t\t<\/div>\n\t\t<\/section>\n\t\t\t\t\t<\/div>\n\t\t<\/div>\n\t\t\t\t\t<\/div>\n\t\t<\/section>\n\t\t\t\t<section class=\"elementor-section elementor-top-section elementor-element elementor-element-6c23ac8 elementor-section-boxed elementor-section-height-default elementor-section-height-default\" data-id=\"6c23ac8\" data-element_type=\"section\">\n\t\t\t\t\t\t<div class=\"elementor-container elementor-column-gap-default\">\n\t\t\t\t\t<div class=\"elementor-column elementor-col-33 elementor-top-column elementor-element elementor-element-1aa93c8\" data-id=\"1aa93c8\" data-element_type=\"column\">\n\t\t\t<div class=\"elementor-widget-wrap\">\n\t\t\t\t\t\t\t<\/div>\n\t\t<\/div>\n\t\t\t\t<div class=\"elementor-column elementor-col-33 elementor-top-column elementor-element elementor-element-414eb66\" data-id=\"414eb66\" data-element_type=\"column\">\n\t\t\t<div class=\"elementor-widget-wrap elementor-element-populated\">\n\t\t\t\t\t\t<div class=\"elementor-element elementor-element-d2df9a7 elementor-align-center elementor-widget elementor-widget-button\" data-id=\"d2df9a7\" data-element_type=\"widget\" data-widget_type=\"button.default\">\n\t\t\t\t<div class=\"elementor-widget-container\">\n\t\t\t\t\t<div class=\"elementor-button-wrapper\">\n\t\t\t<a class=\"elementor-button elementor-button-link elementor-size-sm\" href=\"https:\/\/colabinternational.co.uk\/es\/community-organising\/\">\n\t\t\t\t\t\t<span class=\"elementor-button-content-wrapper\">\n\t\t\t\t\t\t\t\t\t<span class=\"elementor-button-text\">VOLVER<\/span>\n\t\t\t\t\t<\/span>\n\t\t\t\t\t<\/a>\n\t\t<\/div>\n\t\t\t\t<\/div>\n\t\t\t\t<\/div>\n\t\t\t\t\t<\/div>\n\t\t<\/div>\n\t\t\t\t<div class=\"elementor-column elementor-col-33 elementor-top-column elementor-element elementor-element-050dfcb\" data-id=\"050dfcb\" data-element_type=\"column\">\n\t\t\t<div class=\"elementor-widget-wrap\">\n\t\t\t\t\t\t\t<\/div>\n\t\t<\/div>\n\t\t\t\t\t<\/div>\n\t\t<\/section>\n\t\t\t\t<\/div>","protected":false},"excerpt":{"rendered":"<p>Listenning Skills for Comunnity Organising Listening to people is the foundation of community organising because it builds trust and relationships, uncovers issues and is an essential starting point for bringing people together to share stories, ideas and action. On this course, you will gain an understanding of why listening is important in community organising and [&hellip;]<\/p>","protected":false},"author":1,"featured_media":0,"parent":0,"menu_order":0,"comment_status":"closed","ping_status":"closed","template":"","meta":{"site-sidebar-layout":"no-sidebar","site-content-layout":"page-builder","ast-site-content-layout":"","site-content-style":"default","site-sidebar-style":"default","ast-global-header-display":"","ast-banner-title-visibility":"","ast-main-header-display":"","ast-hfb-above-header-display":"","ast-hfb-below-header-display":"","ast-hfb-mobile-header-display":"","site-post-title":"disabled","ast-breadcrumbs-content":"disabled","ast-featured-img":"disabled","footer-sml-layout":"","theme-transparent-header-meta":"enabled","adv-header-id-meta":"","stick-header-meta":"","header-above-stick-meta":"","header-main-stick-meta":"","header-below-stick-meta":"","astra-migrate-meta-layouts":"default","ast-page-background-enabled":"default","ast-page-background-meta":{"desktop":{"background-color":"","background-image":"","background-repeat":"repeat","background-position":"center center","background-size":"auto","background-attachment":"scroll","background-type":"","background-media":"","overlay-type":"","overlay-color":"","overlay-opacity":"","overlay-gradient":""},"tablet":{"background-color":"","background-image":"","background-repeat":"repeat","background-position":"center center","background-size":"auto","background-attachment":"scroll","background-type":"","background-media":"","overlay-type":"","overlay-color":"","overlay-opacity":"","overlay-gradient":""},"mobile":{"background-color":"","background-image":"","background-repeat":"repeat","background-position":"center center","background-size":"auto","background-attachment":"scroll","background-type":"","background-media":"","overlay-type":"","overlay-color":"","overlay-opacity":"","overlay-gradient":""}},"ast-content-background-meta":{"desktop":{"background-color":"var(--ast-global-color-5)","background-image":"","background-repeat":"repeat","background-position":"center center","background-size":"auto","background-attachment":"scroll","background-type":"","background-media":"","overlay-type":"","overlay-color":"","overlay-opacity":"","overlay-gradient":""},"tablet":{"background-color":"var(--ast-global-color-5)","background-image":"","background-repeat":"repeat","background-position":"center center","background-size":"auto","background-attachment":"scroll","background-type":"","background-media":"","overlay-type":"","overlay-color":"","overlay-opacity":"","overlay-gradient":""},"mobile":{"background-color":"var(--ast-global-color-5)","background-image":"","background-repeat":"repeat","background-position":"center center","background-size":"auto","background-attachment":"scroll","background-type":"","background-media":"","overlay-type":"","overlay-color":"","overlay-opacity":"","overlay-gradient":""}},"_ti_tpc_template_sync":false,"_ti_tpc_template_id":"","footnotes":""},"class_list":["post-3682","page","type-page","status-publish","hentry"],"_links":{"self":[{"href":"https:\/\/colabinternational.co.uk\/es\/wp-json\/wp\/v2\/pages\/3682","targetHints":{"allow":["GET"]}}],"collection":[{"href":"https:\/\/colabinternational.co.uk\/es\/wp-json\/wp\/v2\/pages"}],"about":[{"href":"https:\/\/colabinternational.co.uk\/es\/wp-json\/wp\/v2\/types\/page"}],"author":[{"embeddable":true,"href":"https:\/\/colabinternational.co.uk\/es\/wp-json\/wp\/v2\/users\/1"}],"replies":[{"embeddable":true,"href":"https:\/\/colabinternational.co.uk\/es\/wp-json\/wp\/v2\/comments?post=3682"}],"version-history":[{"count":0,"href":"https:\/\/colabinternational.co.uk\/es\/wp-json\/wp\/v2\/pages\/3682\/revisions"}],"wp:attachment":[{"href":"https:\/\/colabinternational.co.uk\/es\/wp-json\/wp\/v2\/media?parent=3682"}],"curies":[{"name":"wp","href":"https:\/\/api.w.org\/{rel}","templated":true}]}}